{"id":37368,"date":"2014-10-27T15:25:32","date_gmt":"2014-10-27T19:25:32","guid":{"rendered":"https:\/\/noticiaswire.wpengine.com\/pricing\/order-form\/terms-conditions\/"},"modified":"2022-02-22T00:45:47","modified_gmt":"2022-02-22T05:45:47","slug":"terminos-y-condiciones","status":"publish","type":"page","link":"https:\/\/www.noticiasnewswire.com\/es\/nuestros-servicios\/order-form\/terminos-y-condiciones\/","title":{"rendered":"Terminos y Condiciones"},"content":{"rendered":"<p><strong>Los siguientes T\u00e9rminos y Condiciones rigen el uso de la distribuci\u00f3n de comunicados de prensa y los servicios relacionados (colectivamente, el \u00abServicio\u00bb):<\/strong><\/p>\n<ol>\n<li><strong>Uso<\/strong>\n<p>A. Usted es responsable del contenido y la precisi\u00f3n de toda la copia de noticias y otra informaci\u00f3n enviada por usted a Hispanicize Wire, LLC d\/b\/a Noticias Newswire (\u00abNoticias Newswire\u00bb) o ingresada en el Servicio (los \u00abMateriales enviados\u00bb) incluso si dicha copia ha sido revisada, editada, traducida o escrita por Hispanicize Wire para usted. Debido al volumen de informaci\u00f3n y copia enviada a Hispanicize Wire, Hispanicize Wire no puede ser responsable de verificar los hechos contenidos en los Materiales enviados. Todos los materiales enviados deben seguir las pautas editoriales de Hispanicize Wire, que se pueden encontrar en el sitio web de Hispanicize Wire y est\u00e1n sujetos a cambios en cualquier momento a la sola discreci\u00f3n de Hispanicize Wire.<\/p>\n<p>B. Hispanicize Wire se reserva el derecho (i) de rechazar o editar los Materiales Enviados, siempre que no se realicen ediciones sustanciales en los Materiales Enviados sin su consentimiento; y (ii) eliminar cualquier comunicado de prensa de su sitio web, retirar cualquier comunicado de prensa de la distribuci\u00f3n o denegar la aprobaci\u00f3n de cualquier comunicado de prensa. Hispanicize Wire solo puede eliminar Materiales Enviados de su red, y Hispanicize Wire no hace ninguna representaci\u00f3n ni garant\u00eda con respecto a la eliminaci\u00f3n de Materiales Enviados de sitios fuera de la red de Hispanicize Wire.<\/p>\n<p>C. Hispanicize Wire se esfuerza por difundir los Materiales enviados con prontitud y precisi\u00f3n. Cualquier error inadvertido de Hispanicize Wire ser\u00e1 corregido de inmediato una vez descubierto, sin cargo adicional, y dicha obligaci\u00f3n de corregir constituir\u00e1 la \u00fanica responsabilidad de Hispanicize Wire en este sentido. Si el Material enviado no se distribuye dentro de los 30 d\u00edas posteriores a la fecha (i) en la que ingresa dicho material o (ii) paga por el Servicio (incluso si a\u00fan no ha ingresado el Material enviado), lo que sea anterior, por razones distintas a un retraso causado \u00fanicamente por Hispanicize Wire, entonces el servicio de Hispanicize Wire hacia usted con respecto a dicho Material enviado y \/ o pago se considerar\u00e1 completo, y Hispanicize Wire no tendr\u00e1 ninguna obligaci\u00f3n adicional con usted con respecto a dicho Material enviado o en relaci\u00f3n con dicho pago.<\/p>\n<p>D. Todos los materiales enviados transmitidos por Noticias Newswire deben contener un nombre de contacto, un n\u00famero de tel\u00e9fono y una direcci\u00f3n de correo electr\u00f3nico proporcionados por el usuario que pueden ser verificados por Noticias Newswire.<\/p>\n<p>E. Noticias Newswire no garantiza la ubicaci\u00f3n espec\u00edfica de ning\u00fan comunicado de prensa ni la recogida por terceros de ning\u00fan comunicado de prensa en su cable, pero entregar\u00e1 un comunicado de prensa a trav\u00e9s de m\u00e9todos de distribuci\u00f3n en l\u00ednea para que dicho contenido est\u00e9 disponible para ser reutilizado por terceros que descubran el contenido en varias ubicaciones de Internet, tanto intencionadas como no intencionadas.<\/p>\n<p>F. Usted acepta utilizar el Servicio para el prop\u00f3sito previsto y no para fines il\u00edcitos, incluidos, entre otros, la ingenier\u00eda inversa del sitio y \/ o sus procesos y la inclusi\u00f3n de dichos procesos o servicios en un servicio derivado. No podr\u00e1 consultar, rastrear ni acceder a ning\u00fan sistema de Noticias Newswire sin el consentimiento expreso por escrito de Noticias Newswire.<\/li>\n<li><strong> Suspensi\u00f3n, rescisi\u00f3n\n<p><\/strong>A. Noticias Newswire puede suspender o cancelar su cuenta en cualquier momento a su discreci\u00f3n. Sin perjuicio de lo anterior, si su cuenta se vuelve morosa o usted incumple cualquier t\u00e9rmino o condici\u00f3n material aqu\u00ed, entonces, adem\u00e1s de cualquiera de sus otros derechos o recursos, Noticias Newswire se reserva el derecho de suspender su acceso al Servicio, sin responsabilidad hacia usted.<\/li>\n<li><strong> Facturaci\u00f3n\n<p><\/strong>A. Deber\u00e1 pagar todas las tarifas o cargos a su cuenta de acuerdo con las tarifas, los cargos y los t\u00e9rminos de facturaci\u00f3n vigentes en el momento en que una tarifa o cargo se adeude y sea pagadera. Todas las obligaciones de pago no son cancelables y todos los montos pagados no son reembolsables. Debe proporcionar a Noticias Newswire informaci\u00f3n de tarjeta de cr\u00e9dito v\u00e1lida para usar el Servicio. Noticias Newswire se reserva el derecho de modificar sus tarifas y cargos y de introducir nuevos cargos en cualquier momento.<\/p>\n<p>B. Todas las tarifas son exclusivas de todos los impuestos, grav\u00e1menes o aranceles impuestos por las autoridades fiscales, y usted ser\u00e1 responsable del pago de dichos impuestos, grav\u00e1menes o aranceles, excluyendo solo los impuestos de los Estados Unidos (federales o estatales) basados \u200b\u200b\u00fanicamente en Latinx. Ingresos de Newswire. Si cree que su factura es incorrecta, debe comunicarse con nosotros por escrito dentro de los 60 d\u00edas a la siguiente direcci\u00f3n: Noticias Newswire, LLC, Attn: Legal Dept., 222 North Federal Highway, Suite 106, Dania Beach, Florida 33004.<\/p>\n<p>C. Usted acepta proporcionar a Noticias Newswire informaci\u00f3n de contacto y facturaci\u00f3n completa y precisa. Usted acepta actualizar esta informaci\u00f3n dentro de los 30 d\u00edas posteriores a cualquier cambio. Si la informaci\u00f3n de contacto que ha proporcionado es falsa o fraudulenta, Noticias Newswire se reserva el derecho de cancelar su acceso al Servicio adem\u00e1s de cualquier otro recurso legal.<\/p>\n<p>D. A menos que Noticias Newswire acuerde lo contrario, los montos se facturar\u00e1n en d\u00f3lares estadounidenses.<\/li>\n<li><strong> Garant\u00edas; Limitaci\u00f3n de responsabilidad\n<p><\/strong>A. Usted declara y garantiza a Noticias Newswire que (i) tiene el derecho de entregar los Materiales enviados a Noticias Newswire, (ii) cumplir\u00e1 con todas las leyes, reglas y regulaciones aplicables, incluidas, entre otras, la Privacidad en l\u00ednea de los ni\u00f1os. La Ley de Protecci\u00f3n de 1998 y las leyes relacionadas con el \u00abcorreo no deseado\u00bb, (iii) Los Materiales enviados no contendr\u00e1n ning\u00fan contenido que sea obsceno, calumnioso, calumnioso o difamatorio, falso o enga\u00f1oso o que viole cualquier derecho de autor, derecho a la privacidad o publicidad u otro derecho. de cualquier persona; y (iv) Los Materiales enviados no contendr\u00e1n virus, scripts, macros o programas o enlaces a macros, scripts, programas o cualquier c\u00f3digo que altere, destruya, infiltre o inhiba el funcionamiento de los sistemas inform\u00e1ticos, incluidos, entre otros, los Servicio o datos almacenados dentro de dichos sistemas inform\u00e1ticos, incluido, entre otros, el Servicio.<\/p>\n<p>B. NOTICIAS NEWSWIRE WIRE NO OFRECE NINGUNA GARANT\u00cdA, EXPRESA O IMPL\u00cdCITA (INCLUYENDO, PERO NO LIMITADO A, LAS GARANT\u00cdAS IMPL\u00cdCITAS DE COMERCIABILIDAD, APTITUD PARA UN PROP\u00d3SITO Y T\u00cdTULO EN PARTICULAR, Y CUALQUIER Y TODAS LAS GARANT\u00cdAS IMPL\u00cdCITAS QUE SURJAN DE CURSOS DE CURSO DE CURSOS EJECUCI\u00d3N O USO COMERCIAL), EN RELACI\u00d3N CON EL SERVICIO. NOTICIAS NEWSWIRE NO GARANTIZA NI REPRESENTA QUE EL SERVICIO ESTAR\u00c1 LIBRE DE ERRORES, INCLUYENDO OMISIONES, INTERRUPCIONES, RETRASOS, P\u00c9RDIDAS O DEFECTOS, YA SEAN HUMANOS O MEC\u00c1NICOS.<\/p>\n<p>C. La responsabilidad total de Noticias Newswire por da\u00f1os y perjuicios por cualquier reclamo que surja en relaci\u00f3n con su uso del Servicio, independientemente de la causa de la acci\u00f3n, ya sea por contrato o por agravio (incluidos, entre otros, reclamos por incumplimiento de garant\u00eda y negligencia) ser\u00e1 limitado a sus da\u00f1os directos reales, sin exceder los montos realmente pagados por usted por su uso del Servicio durante los doce meses inmediatamente anteriores al mes en el que surgi\u00f3 la causa de la acci\u00f3n. EN NING\u00daN CASO NOTICIAS NEWSWIRE TENDR\u00c1 NINGUNA RESPONSABILIDAD ANTE USTED POR CUALQUIER RECLAMO O DEMANDA DE TERCEROS O CUALQUIER P\u00c9RDIDA DE BENEFICIOS, P\u00c9RDIDA DE NEGOCIOS, P\u00c9RDIDA DE USO, P\u00c9RDIDA DE AHORROS U OTRAS CONSECUENCIAS, ESPECIALES, INCIDENTALES, INDIRECTAS, EJEMPLARES O EVENTOS SI SE INFORME DE LA POSIBILIDAD DE TALES DA\u00d1OS.<\/li>\n<\/ol>\n<ol start=\"5\">\n<li><strong> Indemnizaci\u00f3n\n<p><\/strong>A. Noticias Newswire indemnizar\u00e1 (\u00abIndemnizador\u00bb) y lo mantendr\u00e1 indemne (\u00abIndemnizado\u00bb) frente a cualquier reclamo o demanda de un tercero, incluidos, entre otros, los honorarios razonables de abogados, alegando que el Servicio infringe cualquier derecho de propiedad intelectual seg\u00fan las leyes de los Estados Unidos de un tercero. Esta indemnizaci\u00f3n no cubre reclamos de terceros que surjan de: (i) modificaciones al Servicio por parte de alguien que no sea Noticias Newswire o sus agentes y contratistas autorizados; (ii) el uso del Servicio por usted en combinaci\u00f3n con otro software o equipo no autorizado por Noticias Newswire donde el Servicio, si no se usa as\u00ed, no estar\u00eda infringiendo; o (iii) su falta de uso del Servicio de acuerdo con estos t\u00e9rminos y condiciones.<\/p>\n<p>B. Deber\u00e1 indemnizar (\u00abIndemnizador\u00bb) y eximir de responsabilidad a Noticias Newswire (\u00abIndemnizado\u00bb), sus empresas afiliadas y sus proveedores externos, incluidos los distribuidores, de y contra todos y cada uno de los reclamos, p\u00e9rdidas, da\u00f1os, responsabilidades, costos y gastos (incluidos los honorarios razonables de abogados) que surjan de o est\u00e9n relacionados con cualquier incumplimiento por su parte de cualquier representaci\u00f3n y \/ o garant\u00eda contenidas en este documento o que surjan de o se relacionen con los Materiales Presentados.<\/p>\n<p>C. La indemnizaci\u00f3n est\u00e1 condicionada a lo siguiente: (i) el Indemnizado notifica inmediatamente al Indemnizador de cualquier reclamo; (ii) el Indemnizador tiene el control exclusivo de la defensa y todas las negociaciones de conciliaci\u00f3n relacionadas; y (iii) el Indemnizado cooperando, a expensas del Indemnizador, en la defensa y proporcionando al Indemnizador toda la evidencia relacionada bajo su control.<\/p>\n<p>D. Si se presenta un reclamo con respecto al Servicio y se alega una infracci\u00f3n o es probable, en la opini\u00f3n exclusiva de Noticias Newswire, que se presente, Noticias Newswire puede, a su exclusivo criterio y costo (i) obtener el derecho para que usted contin\u00fae usando el Servicio ; (ii) reemplazar o modificar el Servicio para que no infrinja; o (iii) si le notifica, suspenda el uso del Servicio o cualquier parte del mismo, siempre que Noticias Newswire le reembolse de inmediato la parte prorrateada de las tarifas prepagadas pagadas en virtud del presente.<\/li>\n<li><strong> Varios\n<p><\/strong>A. Las instalaciones de Noticias Newswire se rigen por regulaciones federales y estatales.<\/p>\n<p>B. Noticias Newswire es una marca comercial de Hispanicize Wire, LLC, y no se otorga ning\u00fan derecho o licencia para usarlos. Cierto contenido disponible a trav\u00e9s y utilizado para operar el Servicio est\u00e1 protegido por derechos de autor, marca registrada, patente u otros derechos de propiedad de Noticias Newswire y sus afiliados, otorgantes de licencias y \/ o proveedores de servicios. No deber\u00e1 (i) utilizar ninguna de las marcas comerciales, marcas de servicio, logotipos u otro contenido accesible a trav\u00e9s del Servicio que no sea el establecido en el presente o aprobado por Noticias Newswire; o (ii) modificar, alterar o desfigurar cualquiera de las marcas comerciales, marcas de servicio u otra propiedad intelectual puesta a disposici\u00f3n por Noticias Newswire en relaci\u00f3n con el Servicio. Hispanicize Wire, LLC se reserva todos los derechos que no se le otorguen expresamente en este documento.<\/p>\n<p>C. No deber\u00e1 presentarse de ninguna manera como patrocinado, afiliado o respaldado por Noticias Newswire o sus subsidiarias o afiliados. Usted acepta no (i) difamar o desacreditar a Noticias Newswire, sus marcas comerciales o marcas de servicio, o el Servicio; o (ii) adaptar, traducir, modificar, descompilar, desensamblar o aplicar ingenier\u00eda inversa al Servicio o cualquier software o programas utilizados en relaci\u00f3n con el Servicio.<\/p>\n<p>D. Usted acepta recibir comunicaciones de Noticias Newswire sobre el Servicio electr\u00f3nicamente por correo electr\u00f3nico a la direcci\u00f3n de correo electr\u00f3nico que proporcion\u00f3 en relaci\u00f3n con su cuenta. Tambi\u00e9n acepta recibir comunicaciones por tel\u00e9fono o por correo postal enviado a la direcci\u00f3n postal que proporcion\u00f3 en relaci\u00f3n con su cuenta. Puede cambiar el correo electr\u00f3nico o la direcci\u00f3n postal a la que Noticias Newswire env\u00eda las comunicaciones notificando a Noticias Newswire por escrito (que puede ser por correo electr\u00f3nico).<\/p>\n<p>E. Al registrarse para el Servicio o enviar los Materiales enviados, acepta estar sujeto a estos t\u00e9rminos y condiciones. Si est\u00e1 celebrando este acuerdo en nombre de una empresa u otra entidad legal, declara que tiene la autoridad para obligar a dicha entidad a estos t\u00e9rminos y condiciones. Si viola estos t\u00e9rminos y condiciones o cualquier otro derecho de Noticias Newswire, Noticias Newswire se reserva el derecho de buscar todos y cada uno de los recursos legales y equitativos en su contra, incluyendo, sin limitaci\u00f3n, la cancelaci\u00f3n de todas y cada una de las cuentas de usuario.<\/p>\n<p>F. Usted es responsable de toda la actividad que ocurra en su cuenta y deber\u00e1 cumplir con todas las leyes, tratados y regulaciones locales, estatales, nacionales y extranjeras aplicables en relaci\u00f3n con su uso del Servicio. Sus obligaciones ser\u00e1n vinculantes para sus herederos, sucesores y cesionarios.<\/p>\n<p>G. Noticias Newswire se reserva el derecho de modificar estos t\u00e9rminos y condiciones o sus pol\u00edticas relacionadas con el Servicio en cualquier momento, a partir de la publicaci\u00f3n de una versi\u00f3n actualizada en el Servicio. Usted es responsable de revisar peri\u00f3dicamente estos t\u00e9rminos y condiciones. El uso continuado del Servicio despu\u00e9s de dichos cambios constituir\u00e1 su consentimiento a dichos cambios.<\/p>\n<p>H. Usted reconoce y acepta que usted y Noticias Newswire son contratistas independientes, y nada de lo contenido en este documento se interpretar\u00e1 para crear una asociaci\u00f3n, empresa conjunta, agencia o relaci\u00f3n laboral. Ninguna de las partes tiene autoridad para celebrar acuerdos de ning\u00fan tipo en nombre de la otra y ninguna de las partes se considerar\u00e1 agente de la otra.<\/p>\n<p>I. Este Acuerdo se regir\u00e1 e interpretar\u00e1 de acuerdo con las leyes de Florida, excluidas las disposiciones sobre conflicto de leyes. Cualquier demanda en virtud del presente se presentar\u00e1 en los tribunales federales o estatales ubicados en el estado de Florida, y usted se someter\u00e1 a la jurisdicci\u00f3n personal de los mismos. Las partes acuerdan que la Convenci\u00f3n de las Naciones Unidas sobre Contratos de Compraventa Internacional de Mercader\u00edas no se aplicar\u00e1 a este Acuerdo.<\/li>\n<\/ol>\n<p>&nbsp;<\/p>\n","protected":false},"excerpt":{"rendered":"<p>Los siguientes T\u00e9rminos y Condiciones rigen el uso de la distribuci\u00f3n de comunicados de prensa y los servicios relacionados (colectivamente, el \u00abServicio\u00bb): Uso A. Usted es responsable del contenido y la precisi\u00f3n de toda la copia de noticias y otra informaci\u00f3n enviada por usted a Hispanicize Wire, LLC d\/b\/a Noticias Newswire (\u00abNoticias Newswire\u00bb) o ingresada&#8230; <a href=\"https:\/\/www.noticiasnewswire.com\/es\/nuestros-servicios\/order-form\/terminos-y-condiciones\/\" class=\"learn-btn\">Continue Reading<\/a><\/p>\n","protected":false},"author":2,"featured_media":0,"parent":18155,"menu_order":33,"comment_status":"closed","ping_status":"open","template":"","meta":{"_acf_changed":false,"_genesis_hide_title":false,"_genesis_hide_breadcrumbs":false,"_genesis_hide_singular_image":false,"_genesis_hide_footer_widgets":false,"_genesis_custom_body_class":"","_genesis_custom_post_class":"","_genesis_layout":"","footnotes":""},"class_list":{"0":"post-37368","1":"page","2":"type-page","3":"status-publish","5":"entry"},"acf":[],"featured_image_src":null,"featured_image_src_square":null,"_links":{"self":[{"href":"https:\/\/www.noticiasnewswire.com\/es\/wp-json\/wp\/v2\/pages\/37368","targetHints":{"allow":["GET"]}}],"collection":[{"href":"https:\/\/www.noticiasnewswire.com\/es\/wp-json\/wp\/v2\/pages"}],"about":[{"href":"https:\/\/www.noticiasnewswire.com\/es\/wp-json\/wp\/v2\/types\/page"}],"author":[{"embeddable":true,"href":"https:\/\/www.noticiasnewswire.com\/es\/wp-json\/wp\/v2\/users\/2"}],"replies":[{"embeddable":true,"href":"https:\/\/www.noticiasnewswire.com\/es\/wp-json\/wp\/v2\/comments?post=37368"}],"version-history":[{"count":0,"href":"https:\/\/www.noticiasnewswire.com\/es\/wp-json\/wp\/v2\/pages\/37368\/revisions"}],"up":[{"embeddable":true,"href":"https:\/\/www.noticiasnewswire.com\/es\/wp-json\/wp\/v2\/pages\/18155"}],"wp:attachment":[{"href":"https:\/\/www.noticiasnewswire.com\/es\/wp-json\/wp\/v2\/media?parent=37368"}],"curies":[{"name":"wp","href":"https:\/\/api.w.org\/{rel}","templated":true}]}}