{"id":37408,"date":"2013-04-02T07:11:41","date_gmt":"2013-04-02T07:11:41","guid":{"rendered":"https:\/\/noticiaswire.wpengine.com\/services\/"},"modified":"2022-02-24T11:42:32","modified_gmt":"2022-02-24T16:42:32","slug":"servicios","status":"publish","type":"page","link":"https:\/\/www.noticiasnewswire.com\/es\/servicios\/","title":{"rendered":"Por Qu\u00e9 Noticias Newswire?"},"content":{"rendered":"<p>Noticias Newswire es la plataforma multimedios m\u00e1s integral y rentable para llegar a los medios, blogueros y consumidores de Internet que se haya creado jam\u00e1s.<\/p>\n<p>Noticias Newswire cuenta con varias ventajas significativas con respecto a otros servicios cablegr\u00e1ficos<\/p>\n<p><img loading=\"lazy\" decoding=\"async\" class=\"alignnone wp-image-37344\" src=\"https:\/\/www.noticiasnewswire.com\/wp-content\/uploads\/2022\/02\/asequibilidad-calidad.jpg\" alt=\"asequibilidad-calidad\" width=\"669\" height=\"107\" \/><\/p>\n<p><strong>Bajos costos, tarifas fijas y CERO costos por uso de palabras en exceso<\/strong><br \/>\nComo Noticias Newswire se basa en bajos costos y tarifas fijas, nunca tendr\u00e1 que estar calculando cu\u00e1nto podr\u00eda costarle la ubicaci\u00f3n y\/o distribuci\u00f3n de sus comunicados de prensa. Las tarifas de Noticias Newswire comienzan en una m\u00f3dica escala de $369 y el servicio nunca le cobrar\u00e1 tarifas por el uso de palabras en exceso, uno de los costos m\u00e1s pol\u00e9micos y elevados asociados con la distribuci\u00f3n cablegr\u00e1fica tradicional de comunicados de prensa.<\/p>\n<p><img loading=\"lazy\" decoding=\"async\" class=\"alignnone wp-image-37354\" src=\"https:\/\/www.noticiasnewswire.com\/wp-content\/uploads\/2022\/02\/plataformas-multimedios.jpg\" alt=\"Plataforma multimedios\" width=\"662\" height=\"106\" \/><\/p>\n<p><strong>Plataforma multimedios con todos los recursos posibles<\/strong><br \/>\nNoticias Newswire cuenta con un sitio Web biling\u00fce socialmente conectado y de hermoso dise\u00f1o en el que puede ubicar fotograf\u00edas, videos de YouTube, PDFs, biograf\u00edas, presentaciones, folletos y m\u00e1s &#8211; a una fracci\u00f3n de lo que le cobran otros servicios cablegr\u00e1ficos.<\/p>\n<p><img loading=\"lazy\" decoding=\"async\" class=\"alignnone wp-image-37358\" src=\"https:\/\/www.noticiasnewswire.com\/wp-content\/uploads\/2022\/02\/sitios-web-garantizados.jpg\" alt=\"Ubicaciones por Internet garantizadas\" width=\"657\" height=\"105\" \/><\/p>\n<p><strong>Ubicaciones por Internet garantizadas<\/strong><br \/>\nLa red de noticias hispanas por Internet de Noticias Newswire cuenta con varias ubicaciones exclusivas. Es una de las caracter\u00edsticas del servicio que ampliamos continuamente sin que les cueste m\u00e1s a los clientes.<\/p>\n<p><img loading=\"lazy\" decoding=\"async\" class=\"alignnone wp-image-37350\" src=\"https:\/\/www.noticiasnewswire.com\/wp-content\/uploads\/2022\/02\/focalizacion-de-medios.jpg\" alt=\"Focalizaci\u00f3n integral de los medio\" width=\"656\" height=\"105\" \/><\/p>\n<p><strong>Focalizaci\u00f3n integral de los medios y blogueros hispanos<\/strong><br \/>\nNoticias Newswire ofrece distribuciones integrales en los \u00e1mbitos nacional, estatal y de ciudades a los medios y blogueros hispanos de los Estados Unidos y Puerto Rico. Adem\u00e1s de la geo-focalizaci\u00f3n de comunicados noticiosos, Noticias Newswire tambi\u00e9n propicia que sus clientes env\u00eden contenido a medios y blogueros en 17 categor\u00edas espec\u00edficas de noticas a las que est\u00e1n suscritos, como Entretenimiento, Negocios y Salud. Noticias Newswire sigue las mismas mejores pr\u00e1cticas de relaciones con la prensa que guiaron a su gerencia a crear el primer servicio cablegr\u00e1fico hispano de comunicados de prensa en el a\u00f1o 2000.<\/p>\n<p><img loading=\"lazy\" decoding=\"async\" class=\"alignnone wp-image-37356\" src=\"https:\/\/www.noticiasnewswire.com\/wp-content\/uploads\/2022\/02\/seo-medios-sociales.jpg\" alt=\"seo-medios-sociales\" width=\"657\" height=\"105\" \/><\/p>\n<p><strong>Comunicados con optimizaci\u00f3n para motores de b\u00fasqueda y preparados para medios sociales \u00a1EN TODO MOMENTO!<\/strong><br \/>\nNoticiasNewswire.com fue creado con caracter\u00edsticas multimedios de optimizaci\u00f3n para motores de b\u00fasqueda (SEO) para que el contenido pueda ser indizado por importantes motores de b\u00fasqueda como Bing, Google y Yahoo. Los comunicados con optimizaci\u00f3n para motores de b\u00fasqueda equivalen a que Noticias Newswire complace a los consumidores regulares que buscan noticias con la misma intensidad que usa con periodistas y blogueros.<\/p>\n<p><img loading=\"lazy\" decoding=\"async\" class=\"alignnone wp-image-37348\" src=\"https:\/\/www.noticiasnewswire.com\/wp-content\/uploads\/2022\/02\/conocimiento-de-los-medios.jpg\" alt=\"conocimiento-de-los-medios\" width=\"650\" height=\"104\" \/><\/p>\n<p><strong>Conocimiento incomparable de los medios y relaciones p\u00fablicas hispanos<\/strong><br \/>\nEl equipo de Noticias Newswire est\u00e1 compuesto por profesionales premiados de los medios y las relaciones p\u00fablicas, con un profundo conocimiento de los medios de prensa y sociales hispanos. Nuestro equipo est\u00e1 integrado por ganadores de PRSA Silver Anvil, PRISM, PR Week Campaign of the Year y Hispanic Public Relations Professional of the Year, las m\u00e1s altas distinciones de relaciones p\u00fablicas que existen, y un testimonio de los logros de este equipo y de su pericia.<\/p>\n<p><img loading=\"lazy\" decoding=\"async\" class=\"alignnone wp-image-37352\" src=\"https:\/\/www.noticiasnewswire.com\/wp-content\/uploads\/2022\/02\/influencers-hispanos.jpg\" alt=\"influencers-hispanos\" width=\"649\" height=\"106\" \/><\/p>\n<p><strong>Dirigido a todos los medios y blogueros hispanos<\/strong><br \/>\nNoticias Newswire le ofrece la opci\u00f3n de distribuir sus noticias por Internet y\/o puntos tradicionales de medios. Cuando usted distribuye sus noticias con nosotros, las mismas llegan a puntos de medios nacionales, estatales y de ciudades espec\u00edficas.<\/p>\n<p><img loading=\"lazy\" decoding=\"async\" class=\"alignnone wp-image-37346\" src=\"https:\/\/www.noticiasnewswire.com\/wp-content\/uploads\/2022\/02\/conexiones-con-los-medios.jpg\" alt=\"conexiones-con-los-medios\" width=\"655\" height=\"107\" \/><\/p>\n<p><strong>Entre los puntos de medios suscritos para recibir nuestras noticias est\u00e1n:<\/strong><br \/>\n\u2013 Servicios cablegr\u00e1ficos nacionales como EFE, Notimex, Prensa Asociada y sus afiliadas como USA Today<br \/>\n\u2013 Canales de televisi\u00f3n nacionales y locales<br \/>\n\u2013 Emisoras de radio nacionales y locales<br \/>\n\u2013 Blogueros hispanos y multiculturales<br \/>\n\u2013 Importantes sitios Web noticiosos como Terra, Yahoo en Espa\u00f1ol y Univision.com<br \/>\n\u2013 Sitios Web noticiosos como Fox News Latino, Voxxi, NBC Latino y otros<br \/>\n\u2013 Medios espec\u00edficos de la industria como Cosmo for Latinas, Hispanic Market Weekly, Latin Heat y m\u00e1s<br \/>\n\u2013 Periodistas independientes<\/p>\n","protected":false},"excerpt":{"rendered":"<p>Noticias Newswire es la plataforma multimedios m\u00e1s integral y rentable para llegar a los medios, blogueros y consumidores de Internet que se haya creado jam\u00e1s. Noticias Newswire cuenta con varias ventajas significativas con respecto a otros servicios cablegr\u00e1ficos Bajos costos, tarifas fijas y CERO costos por uso de palabras en exceso Como Noticias Newswire se&#8230; <a href=\"https:\/\/www.noticiasnewswire.com\/es\/servicios\/\" class=\"learn-btn\">Continue Reading<\/a><\/p>\n","protected":false},"author":4,"featured_media":0,"parent":0,"menu_order":43,"comment_status":"open","ping_status":"open","template":"","meta":{"_acf_changed":false,"_genesis_hide_title":false,"_genesis_hide_breadcrumbs":false,"_genesis_hide_singular_image":false,"_genesis_hide_footer_widgets":false,"_genesis_custom_body_class":"","_genesis_custom_post_class":"","_genesis_layout":"","footnotes":""},"class_list":{"0":"post-37408","1":"page","2":"type-page","3":"status-publish","5":"entry","6":"has-post-thumbnail"},"acf":[],"featured_image_src":null,"featured_image_src_square":null,"_links":{"self":[{"href":"https:\/\/www.noticiasnewswire.com\/es\/wp-json\/wp\/v2\/pages\/37408","targetHints":{"allow":["GET"]}}],"collection":[{"href":"https:\/\/www.noticiasnewswire.com\/es\/wp-json\/wp\/v2\/pages"}],"about":[{"href":"https:\/\/www.noticiasnewswire.com\/es\/wp-json\/wp\/v2\/types\/page"}],"author":[{"embeddable":true,"href":"https:\/\/www.noticiasnewswire.com\/es\/wp-json\/wp\/v2\/users\/4"}],"replies":[{"embeddable":true,"href":"https:\/\/www.noticiasnewswire.com\/es\/wp-json\/wp\/v2\/comments?post=37408"}],"version-history":[{"count":0,"href":"https:\/\/www.noticiasnewswire.com\/es\/wp-json\/wp\/v2\/pages\/37408\/revisions"}],"wp:attachment":[{"href":"https:\/\/www.noticiasnewswire.com\/es\/wp-json\/wp\/v2\/media?parent=37408"}],"curies":[{"name":"wp","href":"https:\/\/api.w.org\/{rel}","templated":true}]}}