{"id":37927,"date":"2018-03-23T15:16:10","date_gmt":"2018-03-23T19:16:10","guid":{"rendered":"https:\/\/noticiaswire.wpengine.com\/consejos-de-seo\/seo-success-hispanicize-wire-submission\/"},"modified":"2021-10-28T11:46:41","modified_gmt":"2021-10-28T15:46:41","slug":"exito-de-seo-para-su-presentacion-de-latinx-newswire","status":"publish","type":"page","link":"https:\/\/www.noticiasnewswire.com\/es\/consejos-de-seo\/exito-de-seo-para-su-presentacion-de-latinx-newswire\/","title":{"rendered":"\u00c9xito de SEO para su presentaci\u00f3n de Latinx Newswire"},"content":{"rendered":"<h2>El SEO es esencial para el \u00e9xito de sus comunicados y debe hacerse bien para reforzar sus esfuerzos de marketing<\/h2>\n<p>Como se ilustra en <a href=\"https:\/\/www.hispanicmarketadvisors.com\/infographics\/effective-hispanic-wires-press-releases-latino-marketing-campaigns\/\" target=\"_blank\" rel=\"noopener noreferrer\">esta infograf\u00eda<\/a> [ENG] publicada por uno de nuestros socios, <a href=\"https:\/\/www.hispanicmarketadvisors.com\/\" target=\"_blank\" rel=\"noopener noreferrer\">Hispanic Market Advisors\u00ae<\/a>, el uso de un comunicado de prensa dise\u00f1ado para llegar a los hispanos debe hacerse cuidadosamente. Redactarlo con \u00e9xito requiere investigar detalladamente el p\u00fablico que se tenga como objetivo y puede considerar distribuirlo tanto en ingl\u00e9s como en espa\u00f1ol para obtener una mejor cobertura, alcance y exposici\u00f3n.<\/p>\n<p>Al mismo tiempo, adem\u00e1s de ser f\u00e1cil de utilizar y relevante para el usuario o el p\u00fablico objetivo, debe asegurarse de que su comunicado est\u00e9 dise\u00f1ado para el \u00e9xito del SEO. Esto implica que el contenido de su notificado o comunicado de prensa est\u00e9 bien optimizado, incluyendo la adici\u00f3n de las palabras clave adecuadas, enlaces externos y etiquetas.<\/p>\n<p>Los <strong>beneficios SEO de la distribuci\u00f3n de comunicados<\/strong> son numerosos. A continuaci\u00f3n, le presentamos tres de ellos.<\/p>\n<ol>\n<li><strong>Valiosos backlinks.<\/strong> Su comunicado ser\u00e1 republicado por varios lugares o medios de comunicaci\u00f3n garantizados, lo que le ofrece valiosos backlinks a su sitio web.<\/li>\n<li><strong><a href=\"https:\/\/www.noticiasnewswire.com\/seo-tips\/seo-benefits-of-hispanicize-wire-enhance-your-link-profile\/\" target=\"_blank\" rel=\"noopener noreferrer\">Perfil de enlaces mejorado<\/a> [ENG].<\/strong> Si es una agencia que env\u00eda comunicados en nombre de sus clientes, recuerde que al a\u00f1adir 1 o 2 backlinks al sitio web de su cliente en el primer p\u00e1rrafo, estar\u00e1 mejorando los perfiles de enlaces de los sitios web de sus clientes.<\/li>\n<li><strong>Visibilidad y exposici\u00f3n en la web.<\/strong> Si optimiza el contenido para que tenga las palabras clave y las etiquetas adecuadas, podr\u00e1 aumentar su visibilidad en l\u00ednea y hacer que sus comunicados se puedan buscar en Internet.<\/li>\n<\/ol>\n<p>Aunque su contenido est\u00e9 escrito para llegar a un p\u00fablico conocido y a los medios de comunicaci\u00f3n, debe asegurarse de que sus comunicados sean f\u00e1cilmente legibles, especialmente por personas que no conocen su negocio o el de sus clientes. Tambi\u00e9n es importante que se asegure de que su contenido es lo suficientemente bueno para los motores de b\u00fasqueda. Esto es clave para lograr el \u00e9xito del SEO.<\/p>\n<p>\u00bfY c\u00f3mo lo hace? Aqu\u00ed tiene unos cuantos consejos r\u00e1pidos para que los pueda poner f\u00e1cilmente en pr\u00e1ctica y as\u00ed conseguir la audiencia que se merece:<\/p>\n<ul>\n<li><strong>Elija su(s) palabra(s) clave(s) &#8211;<\/strong> Apunte las palabras clave que tengan un alto volumen de b\u00fasqueda y una baja competencia de b\u00fasqueda, y aseg\u00farese de hacer un seguimiento de las clasificaciones de las palabras clave para medir el progreso en las SERPs<\/li>\n<li><strong>Utilice las palabras clave de forma efectiva \u2013<\/strong> Esto significa utilizar sus palabras clave en el titular, el primer p\u00e1rrafo y los p\u00e1rrafos del contenido sin caer en el uso excesivo de las mismas palabras clave (distrib\u00fayalas en los lugares apropiados a lo largo de su comunicado).<\/li>\n<li><strong>Utilice Backlinks de Texto Anclaje &#8211;<\/strong> Esto ayuda a conducir a los lectores desde el comunicado de prensa a su sitio web (o los sitios web de los clientes), generando, como resultado, tr\u00e1fico de b\u00fasqueda adicional y nuevos clientes potenciales. 2- 3 ser\u00e1n suficientes.<\/li>\n<\/ul>\n<p>En resumen, los comunicados aptos para el SEO deben tener estos elementos incorporados para ayudarle a mejorar el alcance de su contenido. Al mismo tiempo, tambi\u00e9n ayuda a posicionar su sitio (o los sitios de sus clientes) en los primeros lugares de las p\u00e1ginas de resultados de los motores de b\u00fasqueda.<\/p>\n<p>El uso de los servicios de distribuci\u00f3n de Latinx Newswire le ayuda a difundir sus comunicados de prensa en el mayor n\u00famero de medios de comunicaci\u00f3n hispanos relevantes, tanto en ingl\u00e9s como en espa\u00f1ol. Y, por si fuera poco, Latinx Newswire comparte su comunicado de prensa con sus amplias redes de canales de medios sociales, \u00a1lo que a\u00f1ade la guinda al pastel!<\/p>\n<div class=\"entry-content\" style=\"width:100%;margin-top:30px;border-top: solid 1px #ccc;padding-top:20px;}\"><h2>ABOUT THE AUTHOR<\/h2><p><img decoding=\"async\" src=\"\/wp-content\/uploads\/2018\/08\/sebastian-aroca.jpg\" width=\"140\" style=\"float:left;padding:4px;\"><a href=\"https:\/\/www.linkedin.com\/in\/sebastianaroca\" target=\"_blank\" rel=\"noopener\">Sebastian Aroca, MIB<\/a> is an entrepreneur and a customer centric <a href=\"https:\/\/www.hispanicmarketadvisors.com\/hispanic-marketing\/\" target=\"_blank\" rel=\"noopener\">Hispanic Marketing<\/a> professional. He co-founded <a href=\"https:\/\/www.hispanicmarketadvisors.com\/\" target=\"_blank\" rel=\"noopener\">Hispanic Market Advisors\u00ae<\/a> and has over 20 years of professional experience managing search marketing programs, including <a href=\"https:\/\/www.hispanicmarketadvisors.com\/spanish-search-engine-optimization\" target=\"_blank\" rel=\"noopener\">Spanish SEO<\/a>, and client acquisition strategies geared towards connecting innovative brands and professionals with the U.S. Hispanic markets.<\/p>\r\n<div class=\"buttons-autor\"> <a href=\"https:\/\/plus.google.com\/u\/0\/112768128163137064456\/posts\" target=\"_blank\" rel=\"noopener\"><img decoding=\"async\" src=\"\/wp-content\/uploads\/2018\/08\/google-button.png\" alt=\"google+\"><\/a> <a href=\"https:\/\/twitter.com\/hispanicmarkets\" target=\"_blank\" rel=\"noopener\"><img decoding=\"async\" src=\"https:\/\/www.hispanicizewire.com\/wp-content\/uploads\/2018\/08\/twitter-button.png\" alt=\"twitter\"><\/a> <a href=\"https:\/\/www.linkedin.com\/in\/sebastianaroca\" target=\"_blank\" rel=\"noopener\"><img decoding=\"async\" src=\"https:\/\/www.hispanicizewire.com\/wp-content\/uploads\/2018\/08\/linked-button.png\" alt=\"linkedin\"><\/a><\/div><\/div>\n","protected":false},"excerpt":{"rendered":"<p>El SEO es esencial para el \u00e9xito de sus comunicados y debe hacerse bien para reforzar sus esfuerzos de marketing Como se ilustra en esta infograf\u00eda [ENG] publicada por uno de nuestros socios, Hispanic Market Advisors\u00ae, el uso de un comunicado de prensa dise\u00f1ado para llegar a los hispanos debe hacerse cuidadosamente. Redactarlo con \u00e9xito&#8230; <a href=\"https:\/\/www.noticiasnewswire.com\/es\/consejos-de-seo\/exito-de-seo-para-su-presentacion-de-latinx-newswire\/\" class=\"learn-btn\">Continue Reading<\/a><\/p>\n","protected":false},"author":6,"featured_media":0,"parent":37420,"menu_order":11,"comment_status":"closed","ping_status":"closed","template":"","meta":{"_acf_changed":false,"_genesis_hide_title":false,"_genesis_hide_breadcrumbs":false,"_genesis_hide_singular_image":false,"_genesis_hide_footer_widgets":false,"_genesis_custom_body_class":"","_genesis_custom_post_class":"","_genesis_layout":"","footnotes":""},"class_list":{"0":"post-37927","1":"page","2":"type-page","3":"status-publish","5":"entry"},"acf":[],"featured_image_src":null,"featured_image_src_square":null,"_links":{"self":[{"href":"https:\/\/www.noticiasnewswire.com\/es\/wp-json\/wp\/v2\/pages\/37927","targetHints":{"allow":["GET"]}}],"collection":[{"href":"https:\/\/www.noticiasnewswire.com\/es\/wp-json\/wp\/v2\/pages"}],"about":[{"href":"https:\/\/www.noticiasnewswire.com\/es\/wp-json\/wp\/v2\/types\/page"}],"author":[{"embeddable":true,"href":"https:\/\/www.noticiasnewswire.com\/es\/wp-json\/wp\/v2\/users\/6"}],"replies":[{"embeddable":true,"href":"https:\/\/www.noticiasnewswire.com\/es\/wp-json\/wp\/v2\/comments?post=37927"}],"version-history":[{"count":0,"href":"https:\/\/www.noticiasnewswire.com\/es\/wp-json\/wp\/v2\/pages\/37927\/revisions"}],"up":[{"embeddable":true,"href":"https:\/\/www.noticiasnewswire.com\/es\/wp-json\/wp\/v2\/pages\/37420"}],"wp:attachment":[{"href":"https:\/\/www.noticiasnewswire.com\/es\/wp-json\/wp\/v2\/media?parent=37927"}],"curies":[{"name":"wp","href":"https:\/\/api.w.org\/{rel}","templated":true}]}}