{"id":37928,"date":"2018-04-02T15:35:03","date_gmt":"2018-04-02T19:35:03","guid":{"rendered":"https:\/\/noticiaswire.wpengine.com\/consejos-de-seo\/seo-benefits-of-hispanicize-wire-enhance-your-link-profile\/"},"modified":"2022-02-01T13:00:00","modified_gmt":"2022-02-01T18:00:00","slug":"beneficios-seo-de-noticias-newswire-mejore-su-perfil-de-enlaces","status":"publish","type":"page","link":"https:\/\/www.noticiasnewswire.com\/es\/consejos-de-seo\/beneficios-seo-de-noticias-newswire-mejore-su-perfil-de-enlaces\/","title":{"rendered":"Beneficios SEO de Noticias Newswire: Mejore su perfil de enlaces"},"content":{"rendered":"<h2>El uso de comunicados de prensa para ganar backlinks a su sitio fue una vez un tema muy importante en SEO<\/h2>\n<p>Muchos pueden haber olvidado el env\u00edo de comunicados de prensa como una estrategia de ganancia de enlaces despu\u00e9s de que el jefe de spam de b\u00fasqueda de Google, Matt Cutts, comentara en un comunicado del foro de Google all\u00e1 por 2013 que \u00ablos enlaces dentro de los comunicados de prensa no beneficiar\u00e1n su posicionamiento\u201d. Pero eso no significa que no merezca la pena perseguir enlaces saludables desde sus distribuciones de comunicados de prensa, \u00a1ni mucho menos!<\/p>\n<p>Desde entonces, Barry Schwartz de Search Engine Land refut\u00f3 la afirmaci\u00f3n de Matt Cutt de que no tienen valor para el SEO despu\u00e9s de mostrar <a href=\"https:\/\/searchengineland.com\/links-from-press-releases-do-have-ranking-benefit-despite-what-google-says-145139\" target=\"_blank\" rel=\"noopener noreferrer\">un caso<\/a> [ENG] en el que <strong>Google no s\u00f3lo descubre los enlaces dentro de los t\u00edpicos comunicados de prensa, sino que utiliza el texto de anclaje con fines de posicionamiento<\/strong>.<\/p>\n<p>As\u00ed que, ahora que hemos eliminado ese mito (o mostrado al menos otra cara de la historia), vamos a seguir afirmando que uno de <a href=\"https:\/\/www.noticiasnewswire.com\/seo-tips\/seo-success-hispanicize-wire-submission\/\" target=\"_blank\" rel=\"noopener noreferrer\">SEO benefits of your press release distribution<\/a> [ENG] es que mejorar\u00e1 su perfil de enlaces, cuando se hace de forma natural y no artificial. Pero, para los principiantes, \u00bfqu\u00e9 es un perfil de enlaces para empezar?<\/p>\n<h4>\u00bfQu\u00e9 es un perfil de enlaces?<\/h4>\n<p>Seg\u00fan lo publicado por uno de nuestros socios estrat\u00e9gicos <strong>Hispanic Market Advisors\u00ae<\/strong>, <a href=\"https:\/\/www.hispanicmarketadvisors.com\/blog\/what-is-a-link-profile-and-why-you-should-enhance-it\/\" target=\"_blank\" rel=\"noopener noreferrer\">su perfil de enlaces es la composici\u00f3n general de todos los enlaces entrantes que apuntan a su sitio web<\/a> [ENG].<\/p>\n<p>Bien, ahora que sabemos lo que es un perfil de enlaces, hablemos de <strong>c\u00f3mo construir un perfil de enlaces saludable<\/strong>.<\/p>\n<p>Hay tres aspectos clave de un perfil de enlaces s\u00f3lido. Un perfil de enlaces s\u00f3lido posee:<\/p>\n<ul>\n<li>Diversidad<\/li>\n<li>Relevancia<\/li>\n<li>Velocidad<\/li>\n<\/ul>\n<p>En este post, s\u00f3lo abordaremos el primer punto: <strong>Diversidad<\/strong><\/p>\n<p>Un perfil de enlaces bien diversificado debe estar compuesto por backlinks que aparezcan en muchas plataformas diferentes, como, por ejemplo:<\/p>\n<ul>\n<li>Noticias Newswire News<\/li>\n<li>art\u00edculos de blog<\/li>\n<li>art\u00edculos de noticias<\/li>\n<li>publicaciones en medios sociales<\/li>\n<li>directorios de negocios altamente relevantes<\/li>\n<li>biograf\u00edas de autores y publicaciones de invitados<\/li>\n<li>comentarios de publicaciones de blog tem\u00e1ticos<\/li>\n<\/ul>\n<h4>No todos los enlaces son iguales<\/h4>\n<p>Tenga en cuenta que NO todos los enlaces se crean de la misma manera: investigue sobre los enlaces \u00abseguir o no seguir\u00bb, \u00abcontextuales o de barra lateral \/ pie de p\u00e1gina\u00bb. El valor de estos es menor o mayor dependiendo del tipo que sean.<\/p>\n<h4>Utilizar un comprobador de backlinks para obtener datos de enlaces entrantes<\/h4>\n<p>Un comprobador de backlinks le ayuda a obtener los datos de los enlaces entrantes de su sitio web:<\/p>\n<ul>\n<li>el n\u00famero de backlinks<\/li>\n<li>los enlaces nuevos y perdidos<\/li>\n<li>el tipo de enlace<\/li>\n<li>dominios de referencia<\/li>\n<\/ul>\n<p><a href=\"\/wp-content\/uploads\/2018\/04\/link-checker.jpg\"><img loading=\"lazy\" decoding=\"async\" class=\"aligncenter size-full wp-image-25225\" src=\"\/wp-content\/uploads\/2018\/04\/link-checker.jpg\" alt=\"link checker\" width=\"519\" height=\"413\" srcset=\"https:\/\/www.noticiasnewswire.com\/wp-content\/uploads\/2018\/04\/link-checker.jpg 519w, https:\/\/www.noticiasnewswire.com\/wp-content\/uploads\/2018\/04\/link-checker-300x239.jpg 300w\" sizes=\"auto, (max-width: 519px) 100vw, 519px\" \/><\/a><\/p>\n<h4>\u00bfPara qu\u00e9 sirven los datos de enlaces entrantes?<\/h4>\n<p>Muchas compa\u00f1\u00edas utilizan un comprobador de enlaces entrantes para el an\u00e1lisis de la competencia, con el fin de saber qu\u00e9 hacen sus principales competidores y descubrir sus mejores estrategias de backlinks. En resumen, los datos de enlaces entrantes le permiten comparar su perfil de backlinks con el de sus competidores, detectar oportunidades ocultas de backlinks y obtener una lista de sitios web de los que obtener backlinks.<\/p>\n<p>Para concluir, es importante decir que los <a href=\"https:\/\/www.noticiasnewswire.com\/pricing\/order-form\/\" target=\"_blank\" rel=\"noopener noreferrer\">comunicados de prensa amigables con el SEO enviados a trav\u00e9s de Noticias Newswire<\/a> [ENG] deben tener estos elementos incorporados para ayudarle a mejorar el alcance de su contenido mientras fortalece el perfil de enlaces de su sitio web.<\/p>\n<div class=\"entry-content\" style=\"width:100%;margin-top:30px;border-top: solid 1px #ccc;padding-top:20px;}\"><h2>ABOUT THE AUTHOR<\/h2><p><img decoding=\"async\" src=\"\/wp-content\/uploads\/2018\/08\/sebastian-aroca.jpg\" width=\"140\" style=\"float:left;padding:4px;\"><a href=\"https:\/\/www.linkedin.com\/in\/sebastianaroca\" target=\"_blank\" rel=\"noopener\">Sebastian Aroca, MIB<\/a> is an entrepreneur and a customer centric <a href=\"https:\/\/www.hispanicmarketadvisors.com\/hispanic-marketing\/\" target=\"_blank\" rel=\"noopener\">Hispanic Marketing<\/a> professional. He co-founded <a href=\"https:\/\/www.hispanicmarketadvisors.com\/\" target=\"_blank\" rel=\"noopener\">Hispanic Market Advisors\u00ae<\/a> and has over 20 years of professional experience managing search marketing programs, including <a href=\"https:\/\/www.hispanicmarketadvisors.com\/spanish-search-engine-optimization\" target=\"_blank\" rel=\"noopener\">Spanish SEO<\/a>, and client acquisition strategies geared towards connecting innovative brands and professionals with the U.S. Hispanic markets.<\/p>\r\n<div class=\"buttons-autor\"> <a href=\"https:\/\/plus.google.com\/u\/0\/112768128163137064456\/posts\" target=\"_blank\" rel=\"noopener\"><img decoding=\"async\" src=\"\/wp-content\/uploads\/2018\/08\/google-button.png\" alt=\"google+\"><\/a> <a href=\"https:\/\/twitter.com\/hispanicmarkets\" target=\"_blank\" rel=\"noopener\"><img decoding=\"async\" src=\"https:\/\/www.hispanicizewire.com\/wp-content\/uploads\/2018\/08\/twitter-button.png\" alt=\"twitter\"><\/a> <a href=\"https:\/\/www.linkedin.com\/in\/sebastianaroca\" target=\"_blank\" rel=\"noopener\"><img decoding=\"async\" src=\"https:\/\/www.hispanicizewire.com\/wp-content\/uploads\/2018\/08\/linked-button.png\" alt=\"linkedin\"><\/a><\/div><\/div>\n","protected":false},"excerpt":{"rendered":"<p>El uso de comunicados de prensa para ganar backlinks a su sitio fue una vez un tema muy importante en SEO Muchos pueden haber olvidado el env\u00edo de comunicados de prensa como una estrategia de ganancia de enlaces despu\u00e9s de que el jefe de spam de b\u00fasqueda de Google, Matt Cutts, comentara en un comunicado&#8230; <a href=\"https:\/\/www.noticiasnewswire.com\/es\/consejos-de-seo\/beneficios-seo-de-noticias-newswire-mejore-su-perfil-de-enlaces\/\" class=\"learn-btn\">Continue Reading<\/a><\/p>\n","protected":false},"author":6,"featured_media":0,"parent":37420,"menu_order":10,"comment_status":"closed","ping_status":"closed","template":"","meta":{"_acf_changed":false,"_genesis_hide_title":false,"_genesis_hide_breadcrumbs":false,"_genesis_hide_singular_image":false,"_genesis_hide_footer_widgets":false,"_genesis_custom_body_class":"","_genesis_custom_post_class":"","_genesis_layout":"","footnotes":""},"class_list":{"0":"post-37928","1":"page","2":"type-page","3":"status-publish","5":"entry","6":"has-post-thumbnail"},"acf":[],"featured_image_src":null,"featured_image_src_square":null,"_links":{"self":[{"href":"https:\/\/www.noticiasnewswire.com\/es\/wp-json\/wp\/v2\/pages\/37928","targetHints":{"allow":["GET"]}}],"collection":[{"href":"https:\/\/www.noticiasnewswire.com\/es\/wp-json\/wp\/v2\/pages"}],"about":[{"href":"https:\/\/www.noticiasnewswire.com\/es\/wp-json\/wp\/v2\/types\/page"}],"author":[{"embeddable":true,"href":"https:\/\/www.noticiasnewswire.com\/es\/wp-json\/wp\/v2\/users\/6"}],"replies":[{"embeddable":true,"href":"https:\/\/www.noticiasnewswire.com\/es\/wp-json\/wp\/v2\/comments?post=37928"}],"version-history":[{"count":0,"href":"https:\/\/www.noticiasnewswire.com\/es\/wp-json\/wp\/v2\/pages\/37928\/revisions"}],"up":[{"embeddable":true,"href":"https:\/\/www.noticiasnewswire.com\/es\/wp-json\/wp\/v2\/pages\/37420"}],"wp:attachment":[{"href":"https:\/\/www.noticiasnewswire.com\/es\/wp-json\/wp\/v2\/media?parent=37928"}],"curies":[{"name":"wp","href":"https:\/\/api.w.org\/{rel}","templated":true}]}}