{"id":37932,"date":"2018-09-12T16:24:51","date_gmt":"2018-09-12T20:24:51","guid":{"rendered":"https:\/\/noticiaswire.wpengine.com\/consejos-de-seo\/bloggers-influencers-friend\/"},"modified":"2021-10-28T11:46:50","modified_gmt":"2021-10-28T15:46:50","slug":"bloggers-influencers-friend","status":"publish","type":"page","link":"https:\/\/www.noticiasnewswire.com\/es\/consejos-de-seo\/bloggers-influencers-friend\/","title":{"rendered":"Los bloggers y los influencers son sus amigos"},"content":{"rendered":"<h2>La mayor\u00eda de los profesionales de las relaciones p\u00fablicas comprenden la importancia de los blogs y de la conexi\u00f3n con las personas influyentes.<\/h2>\n<p>Solo algunos tienen una estrategia exitosa para aprovechar el poder de este fen\u00f3meno cultural. Un blog muy visible puede enviar literalmente su comunicado de prensa a la luna.<\/p>\n<p>Aqu\u00ed es donde entra en juego una buena investigaci\u00f3n sobre el p\u00fablico objetivo. A los bloggers les encanta escribir sobre cosas que entusiasman a sus lectores. Usted puede proporcionar eso con su comunicado de prensa, pero s\u00f3lo si elige blogs que sean relevantes para el campo de su cliente.<\/p>\n<p>Se trata de una estrategia competitiva. Muchos profesionales se esfuerzan por conseguir esa menci\u00f3n en un blog. Tal vez quiera investigar el uso de algunas herramientas que pueden ayudarle a identificar a los bloggers y los influencers a los que dirigirse y con los que asociarse.<\/p>\n<p><img loading=\"lazy\" decoding=\"async\" class=\"aligncenter wp-image-29724\" src=\"https:\/\/www.noticiasnewswire.com\/wp-content\/uploads\/2020\/04\/Screen-Shot-2020-04-03-at-11.36.11-AM.png\" alt=\"\" width=\"547\" height=\"252\" srcset=\"https:\/\/www.noticiasnewswire.com\/wp-content\/uploads\/2020\/04\/Screen-Shot-2020-04-03-at-11.36.11-AM.png 1282w, https:\/\/www.noticiasnewswire.com\/wp-content\/uploads\/2020\/04\/Screen-Shot-2020-04-03-at-11.36.11-AM-300x138.png 300w, https:\/\/www.noticiasnewswire.com\/wp-content\/uploads\/2020\/04\/Screen-Shot-2020-04-03-at-11.36.11-AM-1024x471.png 1024w, https:\/\/www.noticiasnewswire.com\/wp-content\/uploads\/2020\/04\/Screen-Shot-2020-04-03-at-11.36.11-AM-768x353.png 768w\" sizes=\"auto, (max-width: 547px) 100vw, 547px\" \/><\/p>\n<h2>Identificar a los bloggers y los influencers con los que asociarse<\/h2>\n<p>Hay servicios como <a href=\"https:\/\/www.talentounlimited.com\/\" target=\"_blank\" rel=\"noopener\">Talento Unlimited<\/a> [ENG] que conectan a los influencers latinas y latinos con las marcas. Algunos servicios le permitir\u00e1n compilar su propia lista de fuentes y luego exportar esa lista a una plataforma de marketing por correo electr\u00f3nico. Deber\u00e1 asegurarse de que su lista se mantenga actualizada, ya que el campo de alcance de los blogs cambia con frecuencia.<\/p>\n<p>Estas t\u00e1cticas, cuando se usan de forma consistente, dar\u00e1n resultados tanto en el SEO como en el marketing. Ser el mejor en su campo requiere un enfoque actualizado de las relaciones p\u00fablicas, y aprovechar el poder de las b\u00fasquedas debe ser una piedra angular de ese enfoque. Y recuerde que al a\u00f1adir las principales palabras clave en los t\u00edtulos y encabezados, \u00e9stas pueden utilizarse como fragmentos cuando sus comunicados se compartan a trav\u00e9s de las redes sociales.<\/p>\n<p>Por favor, comparta este post con sus colegas si encuentra que puede ser de ayuda&#8230; y recuerde aplicar el uso estrat\u00e9gico de las pr\u00e1cticas de SEO en su pr\u00f3xima <a href=\"https:\/\/www.noticiasnewswire.com\/es\/nuestros-servicios\/order-form\/\" target=\"_blank\" rel=\"noopener noreferrer\">distribuci\u00f3n de Latinx Newswire<\/a> [ENG] para ayudarle a establecer sus comunicados de prensa amigables con el SEO a trav\u00e9s de tantos medios de comunicaci\u00f3n hispanos relevantes como sea posible.<\/p>\n<div class=\"entry-content\" style=\"width:100%;margin-top:30px;border-top: solid 1px #ccc;padding-top:20px;}\"><h2>ABOUT THE AUTHOR<\/h2><p><img decoding=\"async\" src=\"\/wp-content\/uploads\/2018\/08\/sebastian-aroca.jpg\" width=\"140\" style=\"float:left;padding:4px;\"><a href=\"https:\/\/www.linkedin.com\/in\/sebastianaroca\" target=\"_blank\" rel=\"noopener\">Sebastian Aroca, MIB<\/a> is an entrepreneur and a customer centric <a href=\"https:\/\/www.hispanicmarketadvisors.com\/hispanic-marketing\/\" target=\"_blank\" rel=\"noopener\">Hispanic Marketing<\/a> professional. He co-founded <a href=\"https:\/\/www.hispanicmarketadvisors.com\/\" target=\"_blank\" rel=\"noopener\">Hispanic Market Advisors\u00ae<\/a> and has over 20 years of professional experience managing search marketing programs, including <a href=\"https:\/\/www.hispanicmarketadvisors.com\/spanish-search-engine-optimization\" target=\"_blank\" rel=\"noopener\">Spanish SEO<\/a>, and client acquisition strategies geared towards connecting innovative brands and professionals with the U.S. Hispanic markets.<\/p>\r\n<div class=\"buttons-autor\"> <a href=\"https:\/\/plus.google.com\/u\/0\/112768128163137064456\/posts\" target=\"_blank\" rel=\"noopener\"><img decoding=\"async\" src=\"\/wp-content\/uploads\/2018\/08\/google-button.png\" alt=\"google+\"><\/a> <a href=\"https:\/\/twitter.com\/hispanicmarkets\" target=\"_blank\" rel=\"noopener\"><img decoding=\"async\" src=\"https:\/\/www.hispanicizewire.com\/wp-content\/uploads\/2018\/08\/twitter-button.png\" alt=\"twitter\"><\/a> <a href=\"https:\/\/www.linkedin.com\/in\/sebastianaroca\" target=\"_blank\" rel=\"noopener\"><img decoding=\"async\" src=\"https:\/\/www.hispanicizewire.com\/wp-content\/uploads\/2018\/08\/linked-button.png\" alt=\"linkedin\"><\/a><\/div><\/div>\n","protected":false},"excerpt":{"rendered":"<p>La mayor\u00eda de los profesionales de las relaciones p\u00fablicas comprenden la importancia de los blogs y de la conexi\u00f3n con las personas influyentes. Solo algunos tienen una estrategia exitosa para aprovechar el poder de este fen\u00f3meno cultural. Un blog muy visible puede enviar literalmente su comunicado de prensa a la luna. Aqu\u00ed es donde entra&#8230; <a href=\"https:\/\/www.noticiasnewswire.com\/es\/consejos-de-seo\/bloggers-influencers-friend\/\" class=\"learn-btn\">Continue Reading<\/a><\/p>\n","protected":false},"author":6,"featured_media":0,"parent":37420,"menu_order":8,"comment_status":"closed","ping_status":"closed","template":"","meta":{"_acf_changed":false,"_genesis_hide_title":false,"_genesis_hide_breadcrumbs":false,"_genesis_hide_singular_image":false,"_genesis_hide_footer_widgets":false,"_genesis_custom_body_class":"","_genesis_custom_post_class":"","_genesis_layout":"","footnotes":""},"class_list":{"0":"post-37932","1":"page","2":"type-page","3":"status-publish","5":"entry","6":"has-post-thumbnail"},"acf":[],"featured_image_src":null,"featured_image_src_square":null,"_links":{"self":[{"href":"https:\/\/www.noticiasnewswire.com\/es\/wp-json\/wp\/v2\/pages\/37932","targetHints":{"allow":["GET"]}}],"collection":[{"href":"https:\/\/www.noticiasnewswire.com\/es\/wp-json\/wp\/v2\/pages"}],"about":[{"href":"https:\/\/www.noticiasnewswire.com\/es\/wp-json\/wp\/v2\/types\/page"}],"author":[{"embeddable":true,"href":"https:\/\/www.noticiasnewswire.com\/es\/wp-json\/wp\/v2\/users\/6"}],"replies":[{"embeddable":true,"href":"https:\/\/www.noticiasnewswire.com\/es\/wp-json\/wp\/v2\/comments?post=37932"}],"version-history":[{"count":0,"href":"https:\/\/www.noticiasnewswire.com\/es\/wp-json\/wp\/v2\/pages\/37932\/revisions"}],"up":[{"embeddable":true,"href":"https:\/\/www.noticiasnewswire.com\/es\/wp-json\/wp\/v2\/pages\/37420"}],"wp:attachment":[{"href":"https:\/\/www.noticiasnewswire.com\/es\/wp-json\/wp\/v2\/media?parent=37932"}],"curies":[{"name":"wp","href":"https:\/\/api.w.org\/{rel}","templated":true}]}}