{"id":37952,"date":"2018-10-06T17:02:02","date_gmt":"2018-10-06T21:02:02","guid":{"rendered":"https:\/\/noticiaswire.wpengine.com\/consejos-de-seo\/create-a-newsroom-page-on-your-website-for-press-releases\/"},"modified":"2021-10-28T11:47:19","modified_gmt":"2021-10-28T15:47:19","slug":"cree-una-pagina-de-noticias-en-su-sitio-web-para-los-comunicados-de-prensa","status":"publish","type":"page","link":"https:\/\/www.noticiasnewswire.com\/es\/consejos-de-seo\/cree-una-pagina-de-noticias-en-su-sitio-web-para-los-comunicados-de-prensa\/","title":{"rendered":"Cree una p\u00e1gina de noticias en su sitio web para los comunicados de prensa"},"content":{"rendered":"<h2>El sitio web de un cliente debe ser el hogar de los comunicados de prensa que usted crea<\/h2>\n<p>Es muy com\u00fan que el propietario de un sitio web individual utilice un blog para los comunicados de prensa. Aunque los beneficios del blog son abundantes, aconseje a sus clientes que lo eviten. La forma m\u00e1s eficaz de que los clientes ganen visibilidad es crear una p\u00e1gina de noticias en su sitio para los comunicados de prensa.<\/p>\n<p>Los influencers de los medios de comunicaci\u00f3n quieren encontrar r\u00e1pidamente la informaci\u00f3n que necesitan. Aunque los blogs ofrecen una v\u00eda para aportar valor a un p\u00fablico objetivo muy definido, es poco probable que la gente de los medios de comunicaci\u00f3n navegue por un blog en busca de comunicados de prensa. Un efecto secundario de esta estrategia es que establece la residencia en l\u00ednea de un comunicado de prensa para que no se pierda entre otras publicaciones del blog.<\/p>\n<div id=\"attachment_26597\" style=\"width: 710px\" class=\"wp-caption aligncenter\"><a href=\"https:\/\/www.stjude.org\/media-resources.html\" target=\"_blank\" rel=\"noopener\"><img loading=\"lazy\" decoding=\"async\" aria-describedby=\"caption-attachment-26597\" src=\"https:\/\/staging.hispanicizewire.com\/wp-content\/uploads\/2018\/10\/st-jude-newsroom-page.jpg\" alt=\"St. Jude Newsroom\" width=\"700\" height=\"350\" class=\"size-full wp-image-26597\" srcset=\"https:\/\/www.noticiasnewswire.com\/wp-content\/uploads\/2018\/10\/st-jude-newsroom-page.jpg 700w, https:\/\/www.noticiasnewswire.com\/wp-content\/uploads\/2018\/10\/st-jude-newsroom-page-300x150.jpg 300w\" sizes=\"auto, (max-width: 700px) 100vw, 700px\" \/><\/a><p id=\"caption-attachment-26597\" class=\"wp-caption-text\">La sala de prensa de St. Jude permite a los medios de comunicaci\u00f3n encontrar f\u00e1cilmente recursos de prensa<\/p><\/div>\n<p>El objetivo final es que el personal de los medios de comunicaci\u00f3n se dirija al sitio web de su cliente. Ser\u00e1 mucho m\u00e1s probable que lo hagan cuando los comunicados de prensa est\u00e9n contenidos en una secci\u00f3n de medios de comunicaci\u00f3n del sitio web. Es m\u00e1s profesional y f\u00e1cil que los dem\u00e1s proporcionen el backlink que usted busca.<\/p>\n<p>Por favor, comparta este post con sus colegas si encuentra que puede ser de ayuda&#8230; y recuerde aplicar el <a href=\"https:\/\/www.noticiasnewswire.com\/seo-tips\/\" rel=\"noopener noreferrer\" target=\"_blank\">uso estrat\u00e9gico de las pr\u00e1cticas de SEO<\/a> [ENG] en su pr\u00f3xima <a href=\"https:\/\/www.noticiasnewswire.com\/pricing\/order-form\/\" rel=\"noopener noreferrer\" target=\"_blank\">distribuci\u00f3n de Hispanicize Wire<\/a> [ENG] para ayudarle a <a href=\"https:\/\/www.noticiasnewswire.com\/seo-tips\/seo-success-hispanicize-wire-submission\/\" rel=\"noopener noreferrer\" target=\"_blank\">establecer sus comunicados de prensa amigables con el SEO<\/a> [ENG] a trav\u00e9s de tantos medios de comunicaci\u00f3n hispanos relevantes como sea posible.<\/p>\n<div class=\"entry-content\" style=\"width:100%;margin-top:30px;border-top: solid 1px #ccc;padding-top:20px;}\"><h2>ABOUT THE AUTHOR<\/h2><p><img decoding=\"async\" src=\"\/wp-content\/uploads\/2018\/08\/sebastian-aroca.jpg\" width=\"140\" style=\"float:left;padding:4px;\"><a href=\"https:\/\/www.linkedin.com\/in\/sebastianaroca\" target=\"_blank\" rel=\"noopener\">Sebastian Aroca, MIB<\/a> is an entrepreneur and a customer centric <a href=\"https:\/\/www.hispanicmarketadvisors.com\/hispanic-marketing\/\" target=\"_blank\" rel=\"noopener\">Hispanic Marketing<\/a> professional. He co-founded <a href=\"https:\/\/www.hispanicmarketadvisors.com\/\" target=\"_blank\" rel=\"noopener\">Hispanic Market Advisors\u00ae<\/a> and has over 20 years of professional experience managing search marketing programs, including <a href=\"https:\/\/www.hispanicmarketadvisors.com\/spanish-search-engine-optimization\" target=\"_blank\" rel=\"noopener\">Spanish SEO<\/a>, and client acquisition strategies geared towards connecting innovative brands and professionals with the U.S. Hispanic markets.<\/p>\r\n<div class=\"buttons-autor\"> <a href=\"https:\/\/plus.google.com\/u\/0\/112768128163137064456\/posts\" target=\"_blank\" rel=\"noopener\"><img decoding=\"async\" src=\"\/wp-content\/uploads\/2018\/08\/google-button.png\" alt=\"google+\"><\/a> <a href=\"https:\/\/twitter.com\/hispanicmarkets\" target=\"_blank\" rel=\"noopener\"><img decoding=\"async\" src=\"https:\/\/www.hispanicizewire.com\/wp-content\/uploads\/2018\/08\/twitter-button.png\" alt=\"twitter\"><\/a> <a href=\"https:\/\/www.linkedin.com\/in\/sebastianaroca\" target=\"_blank\" rel=\"noopener\"><img decoding=\"async\" src=\"https:\/\/www.hispanicizewire.com\/wp-content\/uploads\/2018\/08\/linked-button.png\" alt=\"linkedin\"><\/a><\/div><\/div>\n","protected":false},"excerpt":{"rendered":"<p>El sitio web de un cliente debe ser el hogar de los comunicados de prensa que usted crea Es muy com\u00fan que el propietario de un sitio web individual utilice un blog para los comunicados de prensa. Aunque los beneficios del blog son abundantes, aconseje a sus clientes que lo eviten. La forma m\u00e1s eficaz&#8230; <a href=\"https:\/\/www.noticiasnewswire.com\/es\/consejos-de-seo\/cree-una-pagina-de-noticias-en-su-sitio-web-para-los-comunicados-de-prensa\/\" class=\"learn-btn\">Continue Reading<\/a><\/p>\n","protected":false},"author":6,"featured_media":0,"parent":37420,"menu_order":7,"comment_status":"closed","ping_status":"closed","template":"","meta":{"_acf_changed":false,"_genesis_hide_title":false,"_genesis_hide_breadcrumbs":false,"_genesis_hide_singular_image":false,"_genesis_hide_footer_widgets":false,"_genesis_custom_body_class":"","_genesis_custom_post_class":"","_genesis_layout":"","footnotes":""},"class_list":{"0":"post-37952","1":"page","2":"type-page","3":"status-publish","5":"entry","6":"has-post-thumbnail"},"acf":[],"featured_image_src":null,"featured_image_src_square":null,"_links":{"self":[{"href":"https:\/\/www.noticiasnewswire.com\/es\/wp-json\/wp\/v2\/pages\/37952","targetHints":{"allow":["GET"]}}],"collection":[{"href":"https:\/\/www.noticiasnewswire.com\/es\/wp-json\/wp\/v2\/pages"}],"about":[{"href":"https:\/\/www.noticiasnewswire.com\/es\/wp-json\/wp\/v2\/types\/page"}],"author":[{"embeddable":true,"href":"https:\/\/www.noticiasnewswire.com\/es\/wp-json\/wp\/v2\/users\/6"}],"replies":[{"embeddable":true,"href":"https:\/\/www.noticiasnewswire.com\/es\/wp-json\/wp\/v2\/comments?post=37952"}],"version-history":[{"count":0,"href":"https:\/\/www.noticiasnewswire.com\/es\/wp-json\/wp\/v2\/pages\/37952\/revisions"}],"up":[{"embeddable":true,"href":"https:\/\/www.noticiasnewswire.com\/es\/wp-json\/wp\/v2\/pages\/37420"}],"wp:attachment":[{"href":"https:\/\/www.noticiasnewswire.com\/es\/wp-json\/wp\/v2\/media?parent=37952"}],"curies":[{"name":"wp","href":"https:\/\/api.w.org\/{rel}","templated":true}]}}