{"id":37954,"date":"2018-12-27T19:06:55","date_gmt":"2018-12-28T00:06:55","guid":{"rendered":"https:\/\/noticiaswire.wpengine.com\/consejos-de-seo\/use-reference-links-to-improve-authority\/"},"modified":"2021-10-28T11:47:14","modified_gmt":"2021-10-28T15:47:14","slug":"utilice-enlaces-de-referencia-para-mejorar-la-autoridad","status":"publish","type":"page","link":"https:\/\/www.noticiasnewswire.com\/es\/consejos-de-seo\/utilice-enlaces-de-referencia-para-mejorar-la-autoridad\/","title":{"rendered":"Utilice enlaces de referencia para mejorar la autoridad"},"content":{"rendered":"<h2>Los enlaces a sitios de reputaci\u00f3n en su comunicado de prensa ayudar\u00e1n a establecer la autoridad de su cliente.<\/h2>\n<p>Los enlaces que incluya tienen un efecto domin\u00f3 en las b\u00fasquedas, y Google valora este tipo de enlaces.<\/p>\n<p>La clave aqu\u00ed es preservar la relevancia. Los enlaces de referencia que utilice tienen que aportar valor. No hace falta decir que uno de esos enlaces debe ser al sitio web de su cliente, pero tambi\u00e9n debe incluir tres o cuatro enlaces a cosas como estad\u00edsticas y citas del sector.<\/p>\n<p>El contexto es crucial. Sus enlaces deben estar anclados de forma relevante. La l\u00f3gica detr\u00e1s de los enlaces de referencia que elija debe ser evidente. Adopte una mentalidad de ayuda al destinatario de su comunicado de prensa en lo que respecta a los enlaces.<\/p>\n<div id=\"attachment_26987\" style=\"width: 710px\" class=\"wp-caption aligncenter\"><a href=\"https:\/\/www.hispanicmarketadvisors.com\/infographics\/effective-hispanic-wires-press-releases-latino-marketing-campaigns\/\" target=\"_blank\" rel=\"noopener\"><img loading=\"lazy\" decoding=\"async\" aria-describedby=\"caption-attachment-26987\" src=\"https:\/\/staging.hispanicizewire.com\/wp-content\/uploads\/2018\/12\/weblinks-optimization-img.jpg\" alt=\"Weblinks Optimization - Hispanic SEO\" width=\"700\" height=\"437\" class=\"size-full wp-image-26987\" \/><\/a><p id=\"caption-attachment-26987\" class=\"wp-caption-text\">Sus enlaces deben estar anclados de forma relevante<\/p><\/div>\n<p>Por favor, comparta este post con sus colegas si encuentra que puede ser de ayuda&#8230; y recuerde aplicar el <a href=\"https:\/\/www.noticiasnewswire.com\/seo-tips\/\" rel=\"noopener noreferrer\" target=\"_blank\">uso estrat\u00e9gico de las pr\u00e1cticas de SEO<\/a> [ENG] en su pr\u00f3xima <a href=\"https:\/\/www.noticiasnewswire.com\/pricing\/order-form\/\" rel=\"noopener noreferrer\" target=\"_blank\">distribuci\u00f3n de Hispanicize Wire<\/a> [ENG] para ayudarle a <a href=\"https:\/\/www.noticiasnewswire.com\/seo-tips\/seo-success-hispanicize-wire-submission\/\" rel=\"noopener noreferrer\" target=\"_blank\">establecer sus comunicados de prensa amigables con el SEO<\/a> [ENG] a trav\u00e9s de tantos medios de comunicaci\u00f3n hispanos relevantes como sea posible.<\/p>\n<div class=\"entry-content\" style=\"width:100%;margin-top:30px;border-top: solid 1px #ccc;padding-top:20px;}\"><h2>ABOUT THE AUTHOR<\/h2><p><img decoding=\"async\" src=\"\/wp-content\/uploads\/2018\/08\/sebastian-aroca.jpg\" width=\"140\" style=\"float:left;padding:4px;\"><a href=\"https:\/\/www.linkedin.com\/in\/sebastianaroca\" target=\"_blank\" rel=\"noopener\">Sebastian Aroca, MIB<\/a> is an entrepreneur and a customer centric <a href=\"https:\/\/www.hispanicmarketadvisors.com\/hispanic-marketing\/\" target=\"_blank\" rel=\"noopener\">Hispanic Marketing<\/a> professional. He co-founded <a href=\"https:\/\/www.hispanicmarketadvisors.com\/\" target=\"_blank\" rel=\"noopener\">Hispanic Market Advisors\u00ae<\/a> and has over 20 years of professional experience managing search marketing programs, including <a href=\"https:\/\/www.hispanicmarketadvisors.com\/spanish-search-engine-optimization\" target=\"_blank\" rel=\"noopener\">Spanish SEO<\/a>, and client acquisition strategies geared towards connecting innovative brands and professionals with the U.S. Hispanic markets.<\/p>\r\n<div class=\"buttons-autor\"> <a href=\"https:\/\/plus.google.com\/u\/0\/112768128163137064456\/posts\" target=\"_blank\" rel=\"noopener\"><img decoding=\"async\" src=\"\/wp-content\/uploads\/2018\/08\/google-button.png\" alt=\"google+\"><\/a> <a href=\"https:\/\/twitter.com\/hispanicmarkets\" target=\"_blank\" rel=\"noopener\"><img decoding=\"async\" src=\"https:\/\/www.hispanicizewire.com\/wp-content\/uploads\/2018\/08\/twitter-button.png\" alt=\"twitter\"><\/a> <a href=\"https:\/\/www.linkedin.com\/in\/sebastianaroca\" target=\"_blank\" rel=\"noopener\"><img decoding=\"async\" src=\"https:\/\/www.hispanicizewire.com\/wp-content\/uploads\/2018\/08\/linked-button.png\" alt=\"linkedin\"><\/a><\/div><\/div>\n","protected":false},"excerpt":{"rendered":"<p>Los enlaces a sitios de reputaci\u00f3n en su comunicado de prensa ayudar\u00e1n a establecer la autoridad de su cliente. Los enlaces que incluya tienen un efecto domin\u00f3 en las b\u00fasquedas, y Google valora este tipo de enlaces. La clave aqu\u00ed es preservar la relevancia. Los enlaces de referencia que utilice tienen que aportar valor. No&#8230; <a href=\"https:\/\/www.noticiasnewswire.com\/es\/consejos-de-seo\/utilice-enlaces-de-referencia-para-mejorar-la-autoridad\/\" class=\"learn-btn\">Continue Reading<\/a><\/p>\n","protected":false},"author":6,"featured_media":0,"parent":37420,"menu_order":6,"comment_status":"closed","ping_status":"closed","template":"","meta":{"_acf_changed":false,"_genesis_hide_title":false,"_genesis_hide_breadcrumbs":false,"_genesis_hide_singular_image":false,"_genesis_hide_footer_widgets":false,"_genesis_custom_body_class":"","_genesis_custom_post_class":"","_genesis_layout":"","footnotes":""},"class_list":{"0":"post-37954","1":"page","2":"type-page","3":"status-publish","5":"entry","6":"has-post-thumbnail"},"acf":[],"featured_image_src":null,"featured_image_src_square":null,"_links":{"self":[{"href":"https:\/\/www.noticiasnewswire.com\/es\/wp-json\/wp\/v2\/pages\/37954","targetHints":{"allow":["GET"]}}],"collection":[{"href":"https:\/\/www.noticiasnewswire.com\/es\/wp-json\/wp\/v2\/pages"}],"about":[{"href":"https:\/\/www.noticiasnewswire.com\/es\/wp-json\/wp\/v2\/types\/page"}],"author":[{"embeddable":true,"href":"https:\/\/www.noticiasnewswire.com\/es\/wp-json\/wp\/v2\/users\/6"}],"replies":[{"embeddable":true,"href":"https:\/\/www.noticiasnewswire.com\/es\/wp-json\/wp\/v2\/comments?post=37954"}],"version-history":[{"count":0,"href":"https:\/\/www.noticiasnewswire.com\/es\/wp-json\/wp\/v2\/pages\/37954\/revisions"}],"up":[{"embeddable":true,"href":"https:\/\/www.noticiasnewswire.com\/es\/wp-json\/wp\/v2\/pages\/37420"}],"wp:attachment":[{"href":"https:\/\/www.noticiasnewswire.com\/es\/wp-json\/wp\/v2\/media?parent=37954"}],"curies":[{"name":"wp","href":"https:\/\/api.w.org\/{rel}","templated":true}]}}