{"id":37955,"date":"2019-01-07T17:42:25","date_gmt":"2019-01-07T22:42:25","guid":{"rendered":"https:\/\/noticiaswire.wpengine.com\/consejos-de-seo\/use-targeted-distribution-for-press-releases\/"},"modified":"2022-02-01T12:53:28","modified_gmt":"2022-02-01T17:53:28","slug":"utilice-la-distribucion-dirigida-para-los-comunicados-de-prensa","status":"publish","type":"page","link":"https:\/\/www.noticiasnewswire.com\/es\/consejos-de-seo\/utilice-la-distribucion-dirigida-para-los-comunicados-de-prensa\/","title":{"rendered":"Utilice la distribuci\u00f3n dirigida para los comunicados de prensa"},"content":{"rendered":"<h2>La estrategia tradicional para distribuir comunicados de prensa es dirigirse a los medios de comunicaci\u00f3n locales<\/h2>\n<p>Aunque muchos dir\u00e1n que los peri\u00f3dicos y los reporteros han perdido parte de su brillo en la era digital, la popularidad de los sitios web de noticias hace posible hoy en d\u00eda una distribuci\u00f3n m\u00e1s eficiente entre aquellos medios que son relevantes para usted y sus clientes.<\/p>\n<p>Lo mejor de los sitios web de noticias es que muchos de ellos distribuyen gratuitamente sus comunicados de prensa a los principales medios de comunicaci\u00f3n. El medio de comunicaci\u00f3n comparte el comunicado, dando a su cliente un backlink y cierta exposici\u00f3n. Es posible que otras personas recojan el comunicado y creen a\u00fan m\u00e1s backlinks, <a href=\"https:\/\/www.noticiasnewswire.com\/seo-tips\/seo-benefits-of-hispanicize-wire-enhance-your-link-profile\/\" rel=\"noopener noreferrer\" target=\"_blank\">mejorando su perfil de enlaces<\/a> [ENG]. <\/p>\n<p>Lo gratuito siempre es bienvenido. Al mismo tiempo, puede beneficiarse enormemente de los servicios de distribuci\u00f3n pagados altamente orientados, como Noticias Newswire (<a href=\"https:\/\/www.noticiasnewswire.com\/pricing\/\" rel=\"noopener noreferrer\" target=\"_blank\">ver precios<\/a> [ENG]). Con el tiempo crear\u00e1 una lista de puntos de distribuci\u00f3n, tanto gratuitos como pagados, que ser\u00e1n valiosos para usted y sus clientes en el futuro.<\/p>\n<p>Si va a utilizar un servicio de pago, establezca un presupuesto y c\u00famplalo. Su misi\u00f3n es conseguir enlaces de calidad tanto en los canales de distribuci\u00f3n gratuitos como en los pagados, pero h\u00e1galo de forma constante (sin excederse), ya que los enlaces que consiga con sus comunicados ser\u00e1n normalmente temporales, porque la mayor\u00eda de los emplazamientos dejan que sus enlaces caduquen con el tiempo.<\/p>\n<div id=\"attachment_27024\" style=\"width: 710px\" class=\"wp-caption aligncenter\"><a href=\"https:\/\/www.hispanicmarketadvisors.com\/infographics\/effective-hispanic-wires-press-releases-latino-marketing-campaigns\/\" target=\"_blank\" rel=\"noopener\"><img loading=\"lazy\" decoding=\"async\" aria-describedby=\"caption-attachment-27024\" src=\"\/wp-content\/uploads\/2019\/01\/distributing-bilingual-press-releases.jpg\" alt=\"bilingual news releases\" width=\"700\" height=\"282\" class=\"size-full wp-image-27025\" srcset=\"https:\/\/www.noticiasnewswire.com\/wp-content\/uploads\/2019\/01\/distributing-bilingual-press-releases.jpg 700w, https:\/\/www.noticiasnewswire.com\/wp-content\/uploads\/2019\/01\/distributing-bilingual-press-releases-300x121.jpg 300w\" sizes=\"auto, (max-width: 700px) 100vw, 700px\" \/><\/a><p id=\"caption-attachment-27024\" class=\"wp-caption-text\">Distribuir comunicados de prensa que cubran temas de inter\u00e9s para los hispanos de EE.UU.<\/p><\/div>\n<p>Por favor, comparta este post con sus colegas si encuentra que puede ser de ayuda&#8230; y recuerde aplicar el <a href=\"https:\/\/www.noticiasnewswire.com\/seo-tips\/\" rel=\"noopener noreferrer\" target=\"_blank\">uso estrat\u00e9gico de las pr\u00e1cticas de SEO<\/a> [ENG] en su pr\u00f3xima <a href=\"https:\/\/www.noticiasnewswire.com\/pricing\/order-form\/\" rel=\"noopener noreferrer\" target=\"_blank\">distribuci\u00f3n de Noticias Newswire<\/a> [ENG] para ayudarle a <a href=\"https:\/\/www.noticiasnewswire.com\/seo-tips\/seo-success-hispanicize-wire-submission\/\" rel=\"noopener noreferrer\" target=\"_blank\">establecer sus comunicados de prensa amigables con el SEO<\/a> [ENG] a trav\u00e9s de tantos medios de comunicaci\u00f3n hispanos relevantes como sea posible.<\/p>\n<div class=\"entry-content\" style=\"width:100%;margin-top:30px;border-top: solid 1px #ccc;padding-top:20px;}\"><h2>ABOUT THE AUTHOR<\/h2><p><img decoding=\"async\" src=\"\/wp-content\/uploads\/2018\/08\/sebastian-aroca.jpg\" width=\"140\" style=\"float:left;padding:4px;\"><a href=\"https:\/\/www.linkedin.com\/in\/sebastianaroca\" target=\"_blank\" rel=\"noopener\">Sebastian Aroca, MIB<\/a> is an entrepreneur and a customer centric <a href=\"https:\/\/www.hispanicmarketadvisors.com\/hispanic-marketing\/\" target=\"_blank\" rel=\"noopener\">Hispanic Marketing<\/a> professional. He co-founded <a href=\"https:\/\/www.hispanicmarketadvisors.com\/\" target=\"_blank\" rel=\"noopener\">Hispanic Market Advisors\u00ae<\/a> and has over 20 years of professional experience managing search marketing programs, including <a href=\"https:\/\/www.hispanicmarketadvisors.com\/spanish-search-engine-optimization\" target=\"_blank\" rel=\"noopener\">Spanish SEO<\/a>, and client acquisition strategies geared towards connecting innovative brands and professionals with the U.S. Hispanic markets.<\/p>\r\n<div class=\"buttons-autor\"> <a href=\"https:\/\/plus.google.com\/u\/0\/112768128163137064456\/posts\" target=\"_blank\" rel=\"noopener\"><img decoding=\"async\" src=\"\/wp-content\/uploads\/2018\/08\/google-button.png\" alt=\"google+\"><\/a> <a href=\"https:\/\/twitter.com\/hispanicmarkets\" target=\"_blank\" rel=\"noopener\"><img decoding=\"async\" src=\"https:\/\/www.hispanicizewire.com\/wp-content\/uploads\/2018\/08\/twitter-button.png\" alt=\"twitter\"><\/a> <a href=\"https:\/\/www.linkedin.com\/in\/sebastianaroca\" target=\"_blank\" rel=\"noopener\"><img decoding=\"async\" src=\"https:\/\/www.hispanicizewire.com\/wp-content\/uploads\/2018\/08\/linked-button.png\" alt=\"linkedin\"><\/a><\/div><\/div>\n","protected":false},"excerpt":{"rendered":"<p>La estrategia tradicional para distribuir comunicados de prensa es dirigirse a los medios de comunicaci\u00f3n locales Aunque muchos dir\u00e1n que los peri\u00f3dicos y los reporteros han perdido parte de su brillo en la era digital, la popularidad de los sitios web de noticias hace posible hoy en d\u00eda una distribuci\u00f3n m\u00e1s eficiente entre aquellos medios&#8230; <a href=\"https:\/\/www.noticiasnewswire.com\/es\/consejos-de-seo\/utilice-la-distribucion-dirigida-para-los-comunicados-de-prensa\/\" class=\"learn-btn\">Continue Reading<\/a><\/p>\n","protected":false},"author":6,"featured_media":0,"parent":37420,"menu_order":5,"comment_status":"closed","ping_status":"closed","template":"","meta":{"_acf_changed":false,"_genesis_hide_title":false,"_genesis_hide_breadcrumbs":false,"_genesis_hide_singular_image":false,"_genesis_hide_footer_widgets":false,"_genesis_custom_body_class":"","_genesis_custom_post_class":"","_genesis_layout":"","footnotes":""},"class_list":{"0":"post-37955","1":"page","2":"type-page","3":"status-publish","5":"entry","6":"has-post-thumbnail"},"acf":[],"featured_image_src":null,"featured_image_src_square":null,"_links":{"self":[{"href":"https:\/\/www.noticiasnewswire.com\/es\/wp-json\/wp\/v2\/pages\/37955","targetHints":{"allow":["GET"]}}],"collection":[{"href":"https:\/\/www.noticiasnewswire.com\/es\/wp-json\/wp\/v2\/pages"}],"about":[{"href":"https:\/\/www.noticiasnewswire.com\/es\/wp-json\/wp\/v2\/types\/page"}],"author":[{"embeddable":true,"href":"https:\/\/www.noticiasnewswire.com\/es\/wp-json\/wp\/v2\/users\/6"}],"replies":[{"embeddable":true,"href":"https:\/\/www.noticiasnewswire.com\/es\/wp-json\/wp\/v2\/comments?post=37955"}],"version-history":[{"count":0,"href":"https:\/\/www.noticiasnewswire.com\/es\/wp-json\/wp\/v2\/pages\/37955\/revisions"}],"up":[{"embeddable":true,"href":"https:\/\/www.noticiasnewswire.com\/es\/wp-json\/wp\/v2\/pages\/37420"}],"wp:attachment":[{"href":"https:\/\/www.noticiasnewswire.com\/es\/wp-json\/wp\/v2\/media?parent=37955"}],"curies":[{"name":"wp","href":"https:\/\/api.w.org\/{rel}","templated":true}]}}