{"id":37983,"date":"2021-10-25T12:42:47","date_gmt":"2021-10-25T16:42:47","guid":{"rendered":"https:\/\/noticiaswire.wpengine.com\/testimonials\/"},"modified":"2022-01-25T08:36:29","modified_gmt":"2022-01-25T13:36:29","slug":"testimonials","status":"publish","type":"page","link":"https:\/\/www.noticiasnewswire.com\/es\/testimonials\/","title":{"rendered":"<BR><BR><CENTER><H2>TESTIMONIOS<\/H2><\/CENTER><BR>"},"content":{"rendered":"\r\n<div class=\"wp-block-media-text alignwide is-stacked-on-mobile\" style=\"grid-template-columns: 28% auto;\">\r\n<figure class=\"wp-block-media-text__media\"><img loading=\"lazy\" decoding=\"async\" width=\"300\" height=\"300\" class=\"wp-image-37962 size-full\" src=\"\/wp-content\/uploads\/2021\/10\/janie-flores.png\" alt=\"\" srcset=\"https:\/\/www.noticiasnewswire.com\/wp-content\/uploads\/2021\/10\/janie-flores.png 300w, https:\/\/www.noticiasnewswire.com\/wp-content\/uploads\/2021\/10\/janie-flores-150x150.png 150w\" sizes=\"auto, (max-width: 300px) 100vw, 300px\" \/><\/figure>\r\n<div class=\"wp-block-media-text__content\">\r\n<p><strong>JANIE FLORES<\/strong><\/p>\r\n\r\n\r\n\r\n<p>CEO<\/p>\r\n\r\n\r\n\r\n<p><strong>BUENA VIDA MEDIA<\/strong><\/p>\r\n\r\n\r\n\r\n<p><em>\u00abUtilizar a Noticias Newswire como la principal plataforma de distribucion de notas de prensa para las estrategias de relaciones publicas que ejecuto para mis clientes ha revitalizado su trayectoria y ha acelerado su crecimiento 10 veces en sus respectivas industrias.\u00bb<\/em><\/p>\r\n<\/div>\r\n<\/div>\r\n\r\n\r\n<hr class=\"wp-block-separator\" \/>\r\n\r\n\r\n<div class=\"wp-block-media-text alignwide is-stacked-on-mobile\" style=\"grid-template-columns: 29% auto;\">\r\n<figure class=\"wp-block-media-text__media\"><img loading=\"lazy\" decoding=\"async\" width=\"300\" height=\"300\" class=\"wp-image-37980 size-full\" src=\"\/wp-content\/uploads\/2021\/10\/MIKE-FRISBY.png\" alt=\"\" srcset=\"https:\/\/www.noticiasnewswire.com\/wp-content\/uploads\/2021\/10\/MIKE-FRISBY.png 300w, https:\/\/www.noticiasnewswire.com\/wp-content\/uploads\/2021\/10\/MIKE-FRISBY-150x150.png 150w\" sizes=\"auto, (max-width: 300px) 100vw, 300px\" \/><\/figure>\r\n<div class=\"wp-block-media-text__content\">\r\n<p><strong>MICHAEL FRISBY<\/strong><\/p>\r\n<p>PRESIDENTE<\/p>\r\n<p><strong>FRISBY AND ASSOCIATES, INC.<\/strong><\/p>\r\n<p><i><span style=\"font-weight: 400;\">\u00abDurante a\u00f1os, he tenido el placer de contratar a Noticias Newswire para traducir y distribuir comunicados de prensa y art\u00edculos para nuestros clientes, incluida la Fundaci\u00f3n WK Kellogg. Ellos constantemente entregan distribuciones puntuales al mercado hispano de Estados Unidos y traducciones al espa\u00f1ol de alta calidad dentro de marcos de tiempo muy ajustados, a menudo dentro de las 24 horas, e incluso en traducciones de m\u00e1s de 1000 palabras. No hay otro servicio disponible que pueda brindar su alto nivel de servicio y precios rentables. Mi equipo ni siquiera considerar\u00eda distribuir una nota de prensa a las comunidades de habla hispana sin utilizar a Noticias Newswire.\u201d<\/span><\/i><\/p>\r\n<p><i><span style=\"font-weight: 400;\">\u201cEl equipo de Noticias Newswire est\u00e1 formado por experimentados profesionales y especialistas en el mercado hispano de Estados Unidos. Recomendamos encarecidamente a Noticias Newswire.\u00bb<\/span><\/i><\/p>\r\n<\/div>\r\n<\/div>\r\n\r\n\r\n<hr class=\"wp-block-separator\" \/>\r\n\r\n\r\n<div class=\"wp-block-media-text alignwide is-stacked-on-mobile\" style=\"grid-template-columns: 29% auto;\">\r\n<figure class=\"wp-block-media-text__media\"><img loading=\"lazy\" decoding=\"async\" width=\"300\" height=\"300\" class=\"wp-image-37978 size-full\" src=\"\/wp-content\/uploads\/2021\/10\/gaciela.png\" alt=\"\" srcset=\"https:\/\/www.noticiasnewswire.com\/wp-content\/uploads\/2021\/10\/gaciela.png 300w, https:\/\/www.noticiasnewswire.com\/wp-content\/uploads\/2021\/10\/gaciela-150x150.png 150w\" sizes=\"auto, (max-width: 300px) 100vw, 300px\" \/><\/figure>\r\n<div class=\"wp-block-media-text__content\">\r\n<p><strong>GRACIELA TISCARENO-SATO<\/strong><\/p>\r\n<p>CEO<\/p>\r\n<p><strong>GRACEFULLY GLOBAL GROUP<\/strong><\/p>\r\n<p><i><span style=\"font-weight: 400;\">\u201cQued\u00e9 muy impresionado con la cobertura que recibimos en noviembre pasado (D\u00eda de los Veteranos) cuando realizamos nuestro bombardeo medi\u00e1tico nacional y biling\u00fce para nuestro nuevo libro infantil biling\u00fce titulado \u2018Buenas noches, Capit\u00e1n Mam\u00e1 \/ Buenas Noches Capit\u00e1n Mam\u00e1\u2019 \u00ab.<\/span><\/i><\/p>\r\n<p><i><span style=\"font-weight: 400;\">\u00abFui entrevistado por NPR, Voz de America, CNN en Espa\u00f1ol y muchos m\u00e1s que escribieron historias. Univisi\u00f3n hizo un largometraje que se transmiti\u00f3 a nivel nacional el D\u00eda de los Veteranos, incluso seguirme desde mi casa (filmar el interior de mi libro, mi traje de vuelo militar, mis hijos) al Desfile del D\u00eda de los Veteranos en San Jos\u00e9 y al convertible rojo en el que viajaba con mis hijos \u00ab.<\/span><\/i><\/p>\r\n<p><i><span style=\"font-weight: 400;\">\u00abMis padres y mi familia extendida vieron la pieza en la televisi\u00f3n en El Paso y estaban extasiados. :\u2010) No s\u00e9 si estaban al tanto de algo de esa actividad que generaron, pero debo decirles que estaba muy, muy feliz. Soy tu fan n\u00famero uno \u00ab.<\/span><\/i><\/p>\r\n<\/div>\r\n<\/div>\r\n\r\n\r\n<hr class=\"wp-block-separator\" \/>\r\n\r\n\r\n<div class=\"wp-block-media-text alignwide is-stacked-on-mobile\" style=\"grid-template-columns: 29% auto;\">\r\n<figure class=\"wp-block-media-text__media\"><img loading=\"lazy\" decoding=\"async\" width=\"300\" height=\"300\" class=\"wp-image-37982 size-full\" src=\"\/wp-content\/uploads\/2021\/10\/joe.png\" alt=\"\" srcset=\"https:\/\/www.noticiasnewswire.com\/wp-content\/uploads\/2021\/10\/joe.png 300w, https:\/\/www.noticiasnewswire.com\/wp-content\/uploads\/2021\/10\/joe-150x150.png 150w\" sizes=\"auto, (max-width: 300px) 100vw, 300px\" \/><\/figure>\r\n<div class=\"wp-block-media-text__content\">\r\n<p><strong>JOSEPH RAMIREZ<\/strong><\/p>\r\n\r\n\r\n\r\n<p>PRINCIPAL<\/p>\r\n\r\n\r\n\r\n<p><strong>ATTENTA GROUP<\/strong><\/p>\r\n<p><strong><i><span style=\"font-weight: 400;\">\u00abExcelente servicio. Muy profesional y responsable. Recomendar\u00eda a Noticias Newswire a cualquiera que quiera distribuir un comunicado de prensa tanto al mercado hispano como al mercado general de Estados Unidos.\u00bb<\/span><\/i><\/strong><\/p>\r\n<\/div>\r\n<\/div>\r\n\r\n\r\n<hr class=\"wp-block-separator\" \/>\r\n\r\n\r\n<div class=\"wp-block-media-text alignwide is-stacked-on-mobile\" style=\"grid-template-columns: 28% auto;\">\r\n<figure class=\"wp-block-media-text__media\"><img loading=\"lazy\" decoding=\"async\" width=\"300\" height=\"300\" class=\"wp-image-37975 size-full\" src=\"\/wp-content\/uploads\/2021\/10\/claudia-figueredo.png\" alt=\"\" srcset=\"https:\/\/www.noticiasnewswire.com\/wp-content\/uploads\/2021\/10\/claudia-figueredo.png 300w, https:\/\/www.noticiasnewswire.com\/wp-content\/uploads\/2021\/10\/claudia-figueredo-150x150.png 150w\" sizes=\"auto, (max-width: 300px) 100vw, 300px\" \/><\/figure>\r\n<div class=\"wp-block-media-text__content\">\r\n<p><strong>CLAUDIA FIGUEREDO<\/strong><\/p>\r\n<p>CEO<\/p>\r\n<p><strong>CF LLC<\/strong><\/p>\r\n<p><i><span style=\"font-weight: 400;\">\u00abHe estado trabajando con Noticias Newswire de manera continua para ayudarme con las coberturas estrat\u00e9gicas de relaciones p\u00fablicas de mis clientes. Desde el inicio, el servicio es amigable, agradable y profesional. Trabajar con Jay no requiere esfuerzo. \u00c9l se toma el tiempo para comprender los objetivos de relaciones con los medios de la marca y adapta la lista de distribuci\u00f3n para adaptarse a las solicitudes.\u00bb<\/span><\/i><\/p>\r\n<p><i><span style=\"font-weight: 400;\">\u00abAdem\u00e1s, los informes de visibilidad en l\u00ednea y en las redes sociales de Noticias Newswire son herramientas excepcionales para compartir con los clientes y brindar recomendaciones sobre estrategia y la participaci\u00f3n de los lectores.\u00bb<\/span><\/i><\/p>\r\n<\/div>\r\n<\/div>\r\n","protected":false},"excerpt":{"rendered":"<p>JANIE FLORES CEO BUENA VIDA MEDIA \u00abUtilizar a Noticias Newswire como la principal plataforma de distribucion de notas de prensa para las estrategias de relaciones publicas que ejecuto para mis clientes ha revitalizado su trayectoria y ha acelerado su crecimiento 10 veces en sus respectivas industrias.\u00bb MICHAEL FRISBY PRESIDENTE FRISBY AND ASSOCIATES, INC. \u00abDurante a\u00f1os,&#8230; <a href=\"https:\/\/www.noticiasnewswire.com\/es\/testimonials\/\" class=\"learn-btn\">Continue Reading<\/a><\/p>\n","protected":false},"author":8,"featured_media":0,"parent":0,"menu_order":0,"comment_status":"closed","ping_status":"closed","template":"","meta":{"_acf_changed":false,"_genesis_hide_title":false,"_genesis_hide_breadcrumbs":false,"_genesis_hide_singular_image":false,"_genesis_hide_footer_widgets":false,"_genesis_custom_body_class":"","_genesis_custom_post_class":"","_genesis_layout":"full-width-content","footnotes":""},"class_list":{"0":"post-37983","1":"page","2":"type-page","3":"status-publish","5":"entry","6":"has-post-thumbnail"},"acf":[],"featured_image_src":null,"featured_image_src_square":null,"_links":{"self":[{"href":"https:\/\/www.noticiasnewswire.com\/es\/wp-json\/wp\/v2\/pages\/37983","targetHints":{"allow":["GET"]}}],"collection":[{"href":"https:\/\/www.noticiasnewswire.com\/es\/wp-json\/wp\/v2\/pages"}],"about":[{"href":"https:\/\/www.noticiasnewswire.com\/es\/wp-json\/wp\/v2\/types\/page"}],"author":[{"embeddable":true,"href":"https:\/\/www.noticiasnewswire.com\/es\/wp-json\/wp\/v2\/users\/8"}],"replies":[{"embeddable":true,"href":"https:\/\/www.noticiasnewswire.com\/es\/wp-json\/wp\/v2\/comments?post=37983"}],"version-history":[{"count":0,"href":"https:\/\/www.noticiasnewswire.com\/es\/wp-json\/wp\/v2\/pages\/37983\/revisions"}],"wp:attachment":[{"href":"https:\/\/www.noticiasnewswire.com\/es\/wp-json\/wp\/v2\/media?parent=37983"}],"curies":[{"name":"wp","href":"https:\/\/api.w.org\/{rel}","templated":true}]}}