{"id":40122,"date":"2021-10-11T12:42:04","date_gmt":"2021-10-11T16:42:04","guid":{"rendered":"https:\/\/www.noticiasnewswire.com\/consejos-de-seo\/wordpress-min-requirements\/"},"modified":"2022-03-17T13:33:54","modified_gmt":"2022-03-17T17:33:54","slug":"wordpress-min-requirimientos","status":"publish","type":"page","link":"https:\/\/www.noticiasnewswire.com\/es\/consejos-de-seo\/wordpress-min-requirimientos\/","title":{"rendered":"Instalaci\u00f3n de Plugin Noticias Newswire"},"content":{"rendered":"<h2 id=\"tw-target-text\" class=\"tw-data-text tw-text-large tw-ta\" dir=\"ltr\" data-placeholder=\"Translation\"><span class=\"Y2IQFc\" lang=\"es\">Requisitos m\u00ednimos (recomendados) de un sitio web para instalar el Plugin de Noticias Newswire\u00a0<\/span><\/h2>\n<p>Para que el <a href=\"\/placements\/wordpress-setup.php\">plugin de Noticias Newswir<\/a>e funcione correctamente en su sitio web de WordPress, debe cumplir con los siguientes criterios y requisitos:<\/p>\n<p>En esta p\u00e1gina<\/p>\n<section class=\"box-content\">\n<ul>\n<li>1 GB de espacio libre en disco<\/li>\n<li>WordPress 4.7 o posterior<\/li>\n<li>Sitio que no es de WordPress no compatible<\/li>\n<li>Consideraciones sobre WPML WordPress<\/li>\n<\/ul>\n<h2><\/h2>\n<h2>1 GB de espacio libre en disco<\/h2>\n<p>&nbsp;<\/p>\n<\/section>\n<section class=\"box-content\">\n<div id=\"wpversion\">El plan de alojamiento de su sitio de WordPress debe tener al menos<strong> 1 GB de espacio libre en el disco<\/strong> para guardar archivos de cach\u00e9. Si no tiene el espacio disponible o no est\u00e1 seguro de esto, comun\u00edquese con su proveedor de alojamiento y h\u00e1gale esta pregunta, deber\u00edan poder ayudarlo y agregar m\u00e1s espacio en disco si es necesario.<\/div>\n<h2><\/h2>\n<h2>WordPress 4.7 o posterior<\/h2>\n<p>&nbsp;<\/p>\n<\/section>\n<section class=\"box-content\">\n<div id=\"nonwpsites\">Su sitio web debe usar <strong>WordPress 4.7 o posterior<\/strong>. Noticias Newswire puede ejecutarse en versiones anteriores de WordPress 4.7, pero no podemos probarlo ni admitirlo. Consulte el <a href=\"https:\/\/wordpress.org\/news\/category\/releases\/\" target=\"_blank\" rel=\"noopener\">Archivo de categor\u00edas de lanzamientos en WordPress.org<\/a>. Si tiene un sitio de WordPress y tiene una versi\u00f3n anterior a la 4.7, comun\u00edquese con su webmaster para actualizarlo a una versi\u00f3n posterior para que sea compatible con el complemento Noticias Newswire.<\/div>\n<h2><\/h2>\n<h2><i class=\"fa fa-check\" aria-hidden=\"true\">Non-WordPress Site Not Supported<\/i><\/h2>\n<p>&nbsp;<\/p>\n<\/section>\n<section class=\"box-content\">\n<div id=\"wpml\">El plugin de Noticias Newswire se desarroll\u00f3 principalmente para sitios de WordPress. <strong>Los pasos para configurar el plugin de WordPress<\/strong> de Noticias Newswire <a href=\"\/placements\/wordpress-setup.php\">se pueden seguir aqu\u00ed<\/a>. El complemento tambi\u00e9n puede funcionar en sitios PHP o HTML, pero es posible que se requiera una codificaci\u00f3n personalizada adicional, consulte esta p\u00e1gina que lo explica. Finalmente, si tiene un CMS como Wix.com, Blogger u otras soluciones gratuitas b\u00e1sicas que tienden a ser sistemas cerrados, el widget Noticias Newswire (<a href=\"\/placements\/html-setup.php\">versi\u00f3n HTML<\/a>) podr\u00eda funcionar pero con una funcionalidad limitada.<\/div>\n<h2><\/h2>\n<h2><em>Consideraciones sobre WPML WordPress<\/em><\/h2>\n<p>&nbsp;<\/p>\n<p>If your WordPress site is using the <a href=\"https:\/\/wpml.org\/\" target=\"_blank\" rel=\"noopener\"><strong>WPML multilingual plug in<\/strong><\/a>, please <a href=\"https:\/\/www.noticiasnewswire.com\/seo-tips\/\" target=\"_blank\" rel=\"noopener\">refer to this article<\/a> explaining the additional steps you may be required to take for the Noticias Newswire to work properly on your website. Also, you will have to check <a href=\"https:\/\/wpml.org\/home\/minimum-requirements\/\" target=\"_blank\" rel=\"noopener\">WPML\u2019s minimum requirements<\/a>.<\/p>\n<p>Si su sitio de WordPress utiliza el plugin <a href=\"https:\/\/wpml.org\/\" target=\"_blank\" rel=\"noopener\">multiling\u00fce WPML<\/a>, <a href=\"https:\/\/www.noticiasnewswire.com\/seo-tips\/\">consulte este art\u00edculo<\/a> que explica los pasos adicionales que debe seguir para que Noticias Newswire funcione correctamente en su sitio web. Adem\u00e1s, deber\u00e1 verificar <a href=\"https:\/\/wpml.org\/home\/minimum-requirements\/\" target=\"_blank\" rel=\"noopener\">los requisitos m\u00ednimos de WPML.<\/a><\/p>\n<\/section>\n<h2><\/h2>\n<h2>M\u00e1s all\u00e1 de instalar el Plugin de WordPress de Noticias Newswire<\/h2>\n<p>&nbsp;<\/p>\n<p>La buena noticia es que el nuevo plugin de WordPress tiene un actualizador autom\u00e1tico incorporado, por lo que se actualizar\u00e1 autom\u00e1ticamente con un simple clic cuando haya nuevas actualizaciones disponibles. En otras palabras, como se menciona en esta p\u00e1gina, no tiene que desinstalar y reinstalar nada m\u00e1s en el futuro. Simplemente yendo a la p\u00e1gina de complementos (www.yoursite.com\/\/wp-admin\/plugins.php) y haciendo clic en el hiperv\u00ednculo \u00abactualizar\u00bb, las nuevas funciones estar\u00e1n disponibles en su sitio de inmediato.<\/p>\n<p>&nbsp;<\/p>\n<p><img loading=\"lazy\" decoding=\"async\" class=\"alignnone size-large wp-image-37739\" src=\"https:\/\/www.noticiasnewswire.com\/wp-content\/uploads\/2022\/02\/check-for-updates1-1024x105.png\" alt=\"check for updates noticias newswire plug in\" width=\"1024\" height=\"97\" \/><\/p>\n<h2><\/h2>\n<h2>C\u00f3mo informar un problema con el Plug-In<\/h2>\n<p>&nbsp;<\/p>\n<p>Si tiene (o cree que tiene) un problema con el plugin de Noticias Newswire, <a href=\"https:\/\/www.noticiasnewswire.com\/suggestion-form\/?topic=Guaranteed%20Placement%20Issue\">env\u00ede este formulario<\/a> tan pronto como lo note y haremos todo lo posible para solucionarlo. Muchos problemas informados se pueden resolver, pero no podemos garantizar que su problema se pueda abordar si su sitio no cumple con los requisitos m\u00ednimos que se enumeran en esta p\u00e1gina.<\/p>\n<p>&nbsp;<\/p>\n<p><a href=\"https:\/\/www.noticiasnewswire.com\/suggestion-form\/?topic=Guaranteed%20Placement%20Issue\"><img loading=\"lazy\" decoding=\"async\" class=\"alignnone size-large wp-image-37742\" src=\"\/wp-content\/uploads\/2021\/10\/Capture-1024x585.png\" alt=\"form report issue\" width=\"1024\" height=\"585\" srcset=\"https:\/\/www.noticiasnewswire.com\/wp-content\/uploads\/2021\/10\/Capture-1024x585.png 1024w, https:\/\/www.noticiasnewswire.com\/wp-content\/uploads\/2021\/10\/Capture-300x171.png 300w, https:\/\/www.noticiasnewswire.com\/wp-content\/uploads\/2021\/10\/Capture-768x439.png 768w, https:\/\/www.noticiasnewswire.com\/wp-content\/uploads\/2021\/10\/Capture.png 1314w\" sizes=\"auto, (max-width: 1024px) 100vw, 1024px\" \/><\/a><\/p>\n","protected":false},"excerpt":{"rendered":"<p>Requisitos m\u00ednimos (recomendados) de un sitio web para instalar el Plugin de Noticias Newswire\u00a0 Para que el plugin de Noticias Newswire funcione correctamente en su sitio web de WordPress, debe cumplir con los siguientes criterios y requisitos: En esta p\u00e1gina 1 GB de espacio libre en disco WordPress 4.7 o posterior Sitio que no es&#8230; <a href=\"https:\/\/www.noticiasnewswire.com\/es\/consejos-de-seo\/wordpress-min-requirimientos\/\" class=\"learn-btn\">Continue Reading<\/a><\/p>\n","protected":false},"author":6,"featured_media":0,"parent":37420,"menu_order":0,"comment_status":"closed","ping_status":"closed","template":"","meta":{"_acf_changed":false,"_genesis_hide_title":false,"_genesis_hide_breadcrumbs":false,"_genesis_hide_singular_image":false,"_genesis_hide_footer_widgets":false,"_genesis_custom_body_class":"","_genesis_custom_post_class":"","_genesis_layout":"","footnotes":""},"class_list":{"0":"post-40122","1":"page","2":"type-page","3":"status-publish","5":"entry","6":"has-post-thumbnail"},"acf":[],"featured_image_src":null,"featured_image_src_square":null,"_links":{"self":[{"href":"https:\/\/www.noticiasnewswire.com\/es\/wp-json\/wp\/v2\/pages\/40122","targetHints":{"allow":["GET"]}}],"collection":[{"href":"https:\/\/www.noticiasnewswire.com\/es\/wp-json\/wp\/v2\/pages"}],"about":[{"href":"https:\/\/www.noticiasnewswire.com\/es\/wp-json\/wp\/v2\/types\/page"}],"author":[{"embeddable":true,"href":"https:\/\/www.noticiasnewswire.com\/es\/wp-json\/wp\/v2\/users\/6"}],"replies":[{"embeddable":true,"href":"https:\/\/www.noticiasnewswire.com\/es\/wp-json\/wp\/v2\/comments?post=40122"}],"version-history":[{"count":0,"href":"https:\/\/www.noticiasnewswire.com\/es\/wp-json\/wp\/v2\/pages\/40122\/revisions"}],"up":[{"embeddable":true,"href":"https:\/\/www.noticiasnewswire.com\/es\/wp-json\/wp\/v2\/pages\/37420"}],"wp:attachment":[{"href":"https:\/\/www.noticiasnewswire.com\/es\/wp-json\/wp\/v2\/media?parent=40122"}],"curies":[{"name":"wp","href":"https:\/\/api.w.org\/{rel}","templated":true}]}}